{"id":608,"date":"2022-06-10T19:22:20","date_gmt":"2022-06-10T19:22:20","guid":{"rendered":"https:\/\/demo.themedraft.net\/wp\/doctio\/?page_id=608"},"modified":"2025-11-13T16:44:36","modified_gmt":"2025-11-13T16:44:36","slug":"sobre-nosotros","status":"publish","type":"page","link":"https:\/\/feelingsandbeyond.com\/language\/sobre-nosotros\/","title":{"rendered":"Sobre Nosotros"},"content":{"rendered":"\t\t<div data-elementor-type=\"wp-page\" data-elementor-id=\"608\" class=\"elementor elementor-608\">\n\t\t\t\t\t\t<section class=\"elementor-section elementor-top-section elementor-element elementor-element-433d3c3b elementor-section-stretched elementor-section-boxed elementor-section-height-default elementor-section-height-default\" data-id=\"433d3c3b\" data-element_type=\"section\" data-e-type=\"section\" data-settings=\"{&quot;stretch_section&quot;:&quot;section-stretched&quot;}\">\n\t\t\t\t\t\t<div class=\"elementor-container elementor-column-gap-default\">\n\t\t\t\t\t<div class=\"elementor-column elementor-col-100 elementor-top-column elementor-element elementor-element-5ceb424b\" data-id=\"5ceb424b\" data-element_type=\"column\" data-e-type=\"column\">\n\t\t\t<div class=\"elementor-widget-wrap elementor-element-populated\">\n\t\t\t\t\t\t<div class=\"elementor-element elementor-element-820af91 e-n-tabs-mobile elementor-widget elementor-widget-n-tabs\" data-id=\"820af91\" data-element_type=\"widget\" data-e-type=\"widget\" data-settings=\"{&quot;horizontal_scroll&quot;:&quot;disable&quot;}\" data-widget_type=\"nested-tabs.default\">\n\t\t\t\t\t\t\t<div class=\"e-n-tabs\" data-widget-number=\"136359825\" aria-label=\"Pesta\u00f1as. Abre elementos con Intro o Espacio, ci\u00e9rralos con Escape y navega con las fechas.\">\n\t\t\t<div class=\"e-n-tabs-heading\" role=\"tablist\">\n\t\t\t\t\t<button id=\"e-n-tab-title-1363598251\" data-tab-title-id=\"e-n-tab-title-1363598251\" class=\"e-n-tab-title\" aria-selected=\"true\" data-tab-index=\"1\" role=\"tab\" tabindex=\"0\" aria-controls=\"e-n-tab-content-1363598251\" style=\"--n-tabs-title-order: 1;\">\n\t\t\t\t\t\t<span class=\"e-n-tab-title-text\">\n\t\t\t\tNuestra Historia\t\t\t<\/span>\n\t\t<\/button>\n\t\t\t\t<button id=\"e-n-tab-title-1363598252\" data-tab-title-id=\"e-n-tab-title-1363598252\" class=\"e-n-tab-title\" aria-selected=\"false\" data-tab-index=\"2\" role=\"tab\" tabindex=\"-1\" aria-controls=\"e-n-tab-content-1363598252\" style=\"--n-tabs-title-order: 2;\">\n\t\t\t\t\t\t<span class=\"e-n-tab-title-text\">\n\t\t\t\tNuestra Misi\u00f3n\t\t\t<\/span>\n\t\t<\/button>\n\t\t\t\t<button id=\"e-n-tab-title-1363598253\" data-tab-title-id=\"e-n-tab-title-1363598253\" class=\"e-n-tab-title\" aria-selected=\"false\" data-tab-index=\"3\" role=\"tab\" tabindex=\"-1\" aria-controls=\"e-n-tab-content-1363598253\" style=\"--n-tabs-title-order: 3;\">\n\t\t\t\t\t\t<span class=\"e-n-tab-title-text\">\n\t\t\t\tNuestra Visi\u00f3n\t\t\t<\/span>\n\t\t<\/button>\n\t\t\t\t<button id=\"e-n-tab-title-1363598254\" data-tab-title-id=\"e-n-tab-title-1363598254\" class=\"e-n-tab-title\" aria-selected=\"false\" data-tab-index=\"4\" role=\"tab\" tabindex=\"-1\" aria-controls=\"e-n-tab-content-1363598254\" style=\"--n-tabs-title-order: 4;\">\n\t\t\t\t\t\t<span class=\"e-n-tab-title-text\">\n\t\t\t\tNuestros Valores\t\t\t<\/span>\n\t\t<\/button>\n\t\t\t\t\t<\/div>\n\t\t\t<div class=\"e-n-tabs-content\">\n\t\t\t\t<div id=\"e-n-tab-content-1363598251\" role=\"tabpanel\" aria-labelledby=\"e-n-tab-title-1363598251\" data-tab-index=\"1\" style=\"--n-tabs-title-order: 1;\" class=\"e-active elementor-element elementor-element-81df3f4 e-con-full e-flex e-con e-child\" data-id=\"81df3f4\" data-element_type=\"container\" data-e-type=\"container\">\n\t\t\t\t<div class=\"elementor-element elementor-element-ec44823 elementor-widget elementor-widget-themedraft_section_title\" data-id=\"ec44823\" data-element_type=\"widget\" data-e-type=\"widget\" data-widget_type=\"themedraft_section_title.default\">\n\t\t\t\t<div class=\"elementor-widget-container\">\n\t\t\t\t\t\n\t\t<div class=\"td-section-title-wrapper\">\n            <div class=\"td-section-title-content td-secondary-font\">\n                \n                                    <div class=\"td-section-subtitle td-primary-color\">\n                        Nuestra                     <\/div>\n                \n                                    <div class=\"td-section-title\">\n                        <h2>Historia<\/h2>                    <\/div>\n                                        <div class=\"title-bottom-line\" style=\"background-image: url(https:\/\/feelingsandbeyond.com\/2025webfandb\/wp-content\/uploads\/2025\/11\/line_FandB.png)\"><\/div>\n                                                <\/div>\n\t\t<\/div>\n\t\t\t\t\t\t<\/div>\n\t\t\t\t<\/div>\n\t\t\t\t<div class=\"elementor-element elementor-element-7ee9a66 elementor-widget elementor-widget-themedraft_text\" data-id=\"7ee9a66\" data-element_type=\"widget\" data-e-type=\"widget\" data-widget_type=\"themedraft_text.default\">\n\t\t\t\t<div class=\"elementor-widget-container\">\n\t\t\t\t\t\n\t\t<div class=\"td-text-wrapper\">\n\t\t\t<p><strong>Feelings and Beyond<\/strong> naci\u00f3 con el prop\u00f3sito de ofrecer un espacio donde ni\u00f1os, adolescentes y familias puedan encontrar apoyo psicol\u00f3gico profesional, comprensi\u00f3n y herramientas practicas para fortalecer su bienestar mental y emocional.<\/p><p>Fundado por la psic\u00f3loga colombiana en Miami, <strong>Erika Angulo<\/strong>, licenciada en salud mental en Estados Unidos, el centro ha crecido hasta convertirse en un referente en <strong>Terapia de Juego y salud mental infantil en Doral, Miami<\/strong>. Erika es tambi\u00e9n <strong>referente en las principales cadenas latinas de televisi\u00f3n y radio en Estados Unidos, como Univisi\u00f3n y Telemundo<\/strong>, realizando intervenciones de manera frecuente sobre temas de psicolog\u00eda infantil, crianza y bienestar emocional.<\/p><p>Desde sus inicios, Feelings and Beyond se ha caracterizado por combinar la <strong>ciencia psicol\u00f3gica con la calidez humana<\/strong>, creando espacios terap\u00e9uticos donde las emociones se comprenden, los v\u00ednculos se fortalecen y la transformaci\u00f3n es posible.<\/p><p>Nuestro equipo de terapeutas comparte una misma misi\u00f3n: <strong>ayudar a cada persona a desarrollar recursos internos para sentirse m\u00e1s segura, conectada y con mayor bienestar integral.<\/strong>.<\/p>\n            \t\t<\/div>\n\n\t\t\t\t\t\t<\/div>\n\t\t\t\t<\/div>\n\t\t\t\t<\/div>\n\t\t<div id=\"e-n-tab-content-1363598252\" role=\"tabpanel\" aria-labelledby=\"e-n-tab-title-1363598252\" data-tab-index=\"2\" style=\"--n-tabs-title-order: 2;\" class=\" elementor-element elementor-element-9afa981 e-con-full e-flex e-con e-child\" data-id=\"9afa981\" data-element_type=\"container\" data-e-type=\"container\">\n\t\t\t\t<div class=\"elementor-element elementor-element-48ce73d elementor-widget elementor-widget-themedraft_section_title\" data-id=\"48ce73d\" data-element_type=\"widget\" data-e-type=\"widget\" data-widget_type=\"themedraft_section_title.default\">\n\t\t\t\t<div class=\"elementor-widget-container\">\n\t\t\t\t\t\n\t\t<div class=\"td-section-title-wrapper\">\n            <div class=\"td-section-title-content td-secondary-font\">\n                \n                                    <div class=\"td-section-subtitle td-primary-color\">\n                        Nuestra                     <\/div>\n                \n                                    <div class=\"td-section-title\">\n                        <h2>Misi\u00f3n<\/h2>                    <\/div>\n                                        <div class=\"title-bottom-line\" style=\"background-image: url(https:\/\/feelingsandbeyond.com\/2025webfandb\/wp-content\/uploads\/2025\/11\/line_FandB.png)\"><\/div>\n                                                <\/div>\n\t\t<\/div>\n\t\t\t\t\t\t<\/div>\n\t\t\t\t<\/div>\n\t\t\t\t<div class=\"elementor-element elementor-element-c391102 elementor-widget elementor-widget-themedraft_text\" data-id=\"c391102\" data-element_type=\"widget\" data-e-type=\"widget\" data-widget_type=\"themedraft_text.default\">\n\t\t\t\t<div class=\"elementor-widget-container\">\n\t\t\t\t\t\n\t\t<div class=\"td-text-wrapper\">\n\t\t\t<p>En <strong>Feelings and Beyond<\/strong>, acompa\u00f1amos a <strong>ni\u00f1os, adolescentes, adultos y familias<\/strong> en su proceso de crecimiento emocional y psicol\u00f3gico. Nuestro prop\u00f3sito es ofrecer un espacio donde cada persona se sienta <strong>vista, escuchada y tratada con compasi\u00f3n y respeto<\/strong>, entendiendo que la verdadera transformaci\u00f3n ocurre cuando alguien se siente seguro para sanar.<\/p><p>Creemos que al brindar un <strong>lugar seguro y humano<\/strong>, los procesos de sanaci\u00f3n y crecimiento se vuelven posibles. Desde la <strong>Terapia de Juego<\/strong>, la <strong>psicolog\u00eda cl\u00ednica<\/strong> y la <strong>crianza consciente<\/strong>, promovemos una salud mental m\u00e1s accesible y emp\u00e1tica para todos.<\/p><p>Cada sesi\u00f3n es una oportunidad para <strong>reconstruir v\u00ednculos, fortalecer la autoestima y fomentar el bienestar emocional<\/strong>, recordando que este cambio se logra <strong>un ni\u00f1o, una familia y una historia a la vez<\/strong>.<\/p>\n            \t\t<\/div>\n\n\t\t\t\t\t\t<\/div>\n\t\t\t\t<\/div>\n\t\t\t\t<\/div>\n\t\t<div id=\"e-n-tab-content-1363598253\" role=\"tabpanel\" aria-labelledby=\"e-n-tab-title-1363598253\" data-tab-index=\"3\" style=\"--n-tabs-title-order: 3;\" class=\" elementor-element elementor-element-38439f3 e-con-full e-flex e-con e-child\" data-id=\"38439f3\" data-element_type=\"container\" data-e-type=\"container\">\n\t\t\t\t<div class=\"elementor-element elementor-element-328a568 elementor-widget elementor-widget-themedraft_section_title\" data-id=\"328a568\" data-element_type=\"widget\" data-e-type=\"widget\" data-widget_type=\"themedraft_section_title.default\">\n\t\t\t\t<div class=\"elementor-widget-container\">\n\t\t\t\t\t\n\t\t<div class=\"td-section-title-wrapper\">\n            <div class=\"td-section-title-content td-secondary-font\">\n                \n                                    <div class=\"td-section-subtitle td-primary-color\">\n                        Nuestra                     <\/div>\n                \n                                    <div class=\"td-section-title\">\n                        <h2>Visi\u00f3n<\/h2>                    <\/div>\n                                        <div class=\"title-bottom-line\" style=\"background-image: url(https:\/\/feelingsandbeyond.com\/2025webfandb\/wp-content\/uploads\/2025\/11\/line_FandB.png)\"><\/div>\n                                                <\/div>\n\t\t<\/div>\n\t\t\t\t\t\t<\/div>\n\t\t\t\t<\/div>\n\t\t\t\t<div class=\"elementor-element elementor-element-dc5c49a elementor-widget elementor-widget-themedraft_text\" data-id=\"dc5c49a\" data-element_type=\"widget\" data-e-type=\"widget\" data-widget_type=\"themedraft_text.default\">\n\t\t\t\t<div class=\"elementor-widget-container\">\n\t\t\t\t\t\n\t\t<div class=\"td-text-wrapper\">\n\t\t\t<p><strong>Ser un centro de salud mental y terapia psicol\u00f3gica de referencia en Miami<\/strong>, y la comunidad hispana en Estados Unidos, reconocido por ofrecer un espacio seguro, c\u00e1lido y profesional donde <strong>ni\u00f1os, familias y adultos<\/strong> puedan sanar, crecer y reconectarse. Destacarnos por nuestra <strong>especializaci\u00f3n en Terapia de Juego infantil, y en la teor\u00eda del vinculo, en donde <\/strong>\u00a0nuestro <strong>compromiso es fortalecer lazos familiares y ofrecer herramientas para el desarrollo del bienestar emocional de la comunidad hispana<\/strong>, alzando la voz por una mejor salud mental para todos \u2014<strong>un ni\u00f1o, un adolescente, un adulto y una familia a la vez<\/strong>.<\/p>\n            \t\t<\/div>\n\n\t\t\t\t\t\t<\/div>\n\t\t\t\t<\/div>\n\t\t\t\t<\/div>\n\t\t<div id=\"e-n-tab-content-1363598254\" role=\"tabpanel\" aria-labelledby=\"e-n-tab-title-1363598254\" data-tab-index=\"4\" style=\"--n-tabs-title-order: 4;\" class=\" elementor-element elementor-element-667f56b e-con-full e-flex e-con e-child\" data-id=\"667f56b\" data-element_type=\"container\" data-e-type=\"container\">\n\t\t\t\t<div class=\"elementor-element elementor-element-512f89d elementor-widget elementor-widget-themedraft_section_title\" data-id=\"512f89d\" data-element_type=\"widget\" data-e-type=\"widget\" data-widget_type=\"themedraft_section_title.default\">\n\t\t\t\t<div class=\"elementor-widget-container\">\n\t\t\t\t\t\n\t\t<div class=\"td-section-title-wrapper\">\n            <div class=\"td-section-title-content td-secondary-font\">\n                \n                                    <div class=\"td-section-subtitle td-primary-color\">\n                        Nuestros                    <\/div>\n                \n                                    <div class=\"td-section-title\">\n                        <h2>Valores<\/h2>                    <\/div>\n                                        <div class=\"title-bottom-line\" style=\"background-image: url(https:\/\/feelingsandbeyond.com\/2025webfandb\/wp-content\/uploads\/2025\/11\/line_FandB.png)\"><\/div>\n                                                <\/div>\n\t\t<\/div>\n\t\t\t\t\t\t<\/div>\n\t\t\t\t<\/div>\n\t\t<div class=\"elementor-element elementor-element-ee1726e e-flex e-con-boxed e-con e-child\" data-id=\"ee1726e\" data-element_type=\"container\" data-e-type=\"container\">\n\t\t\t\t\t<div class=\"e-con-inner\">\n\t\t<div class=\"elementor-element elementor-element-b0f103d e-grid e-con-full e-con e-child\" data-id=\"b0f103d\" data-element_type=\"container\" data-e-type=\"container\">\n\t\t\t\t<div class=\"elementor-element elementor-element-ad5fa6a elementor-widget elementor-widget-themedraft_promo_box\" data-id=\"ad5fa6a\" data-element_type=\"widget\" data-e-type=\"widget\" data-widget_type=\"themedraft_promo_box.default\">\n\t\t\t\t<div class=\"elementor-widget-container\">\n\t\t\t\t\t\n\t\t<div class=\"td-promo-box-wrapper td-icon-left\">\n\t\t\t<div class=\"row\">\n\t\t\t\t\t\t\t\t\t\t<div class=\"col-xl-12 col-lg-12 col-md-12\">\n\t\t\t\t\t\t\t<div class=\"td-single-promo-box\">\n\t\t\t\t\t\t\t\t<div class=\"td-promo-icon td-primary-color\">\n\t\t\t\t\t\t\t\t\t<svg aria-hidden=\"true\" class=\"e-font-icon-svg e-far-heart\" viewBox=\"0 0 512 512\" xmlns=\"http:\/\/www.w3.org\/2000\/svg\"><path d=\"M458.4 64.3C400.6 15.7 311.3 23 256 79.3 200.7 23 111.4 15.6 53.6 64.3-21.6 127.6-10.6 230.8 43 285.5l175.4 178.7c10 10.2 23.4 15.9 37.6 15.9 14.3 0 27.6-5.6 37.6-15.8L469 285.6c53.5-54.7 64.7-157.9-10.6-221.3zm-23.6 187.5L259.4 430.5c-2.4 2.4-4.4 2.4-6.8 0L77.2 251.8c-36.5-37.2-43.9-107.6 7.3-150.7 38.9-32.7 98.9-27.8 136.5 10.5l35 35.7 35-35.7c37.8-38.5 97.8-43.2 136.5-10.6 51.1 43.1 43.5 113.9 7.3 150.8z\"><\/path><\/svg>\t\t\t\t\t\t\t\t<\/div>\n\n                                <h4 class=\"td-promo-title\">Compasi\u00f3n<\/h4>\n\n                                <div class=\"td-promo-desc td-last-p-0\">\n\t                                <p>Creemos que el cambio y la sanaci\u00f3n comienza cuando somos vistos y comprendidos desde la empat\u00eda. Acompa\u00f1amos a cada persona con presencia, calidez y respeto por su historia.<\/p>                                <\/div>\n\t\t\t\t\t\t\t<\/div>\n\t\t\t\t\t\t<\/div>\n\t\t\t\t\t\t\t\t\t\t<div class=\"col-xl-12 col-lg-12 col-md-12\">\n\t\t\t\t\t\t\t<div class=\"td-single-promo-box\">\n\t\t\t\t\t\t\t\t<div class=\"td-promo-icon td-primary-color\">\n\t\t\t\t\t\t\t\t\t<i aria-hidden=\"true\" class=\"td-icon flaticon-brain-2\"><\/i>\t\t\t\t\t\t\t\t<\/div>\n\n                                <h4 class=\"td-promo-title\">Actualizaci\u00f3n cient\u00edfica<\/h4>\n\n                                <div class=\"td-promo-desc td-last-p-0\">\n\t                                <p>Nuestro trabajo se sustenta en la evidencia m\u00e1s reciente de la <strong>neurociencia y la psicolog\u00eda del desarrollo<\/strong>, integrando el conocimiento con sensibilidad y humanidad.<\/p>                                <\/div>\n\t\t\t\t\t\t\t<\/div>\n\t\t\t\t\t\t<\/div>\n\t\t\t\t\t\t\t\t\t\t<div class=\"col-xl-12 col-lg-12 col-md-12\">\n\t\t\t\t\t\t\t<div class=\"td-single-promo-box\">\n\t\t\t\t\t\t\t\t<div class=\"td-promo-icon td-primary-color\">\n\t\t\t\t\t\t\t\t\t<svg aria-hidden=\"true\" class=\"e-font-icon-svg e-fas-seedling\" viewBox=\"0 0 512 512\" xmlns=\"http:\/\/www.w3.org\/2000\/svg\"><path d=\"M64 96H0c0 123.7 100.3 224 224 224v144c0 8.8 7.2 16 16 16h32c8.8 0 16-7.2 16-16V320C288 196.3 187.7 96 64 96zm384-64c-84.2 0-157.4 46.5-195.7 115.2 27.7 30.2 48.2 66.9 59 107.6C424 243.1 512 147.9 512 32h-64z\"><\/path><\/svg>\t\t\t\t\t\t\t\t<\/div>\n\n                                <h4 class=\"td-promo-title\">Respeto por cada individuo<\/h4>\n\n                                <div class=\"td-promo-desc td-last-p-0\">\n\t                                <p>Honramos la singularidad de cada persona. Cada historia, ritmo y experiencia merece ser acompa\u00f1ada con cuidado y sin juicios.<\/p>                                <\/div>\n\t\t\t\t\t\t\t<\/div>\n\t\t\t\t\t\t<\/div>\n\t\t\t\t\t\t\t<\/div>\n\t\t<\/div>\n\n\t\t\t\t\t\t<\/div>\n\t\t\t\t<\/div>\n\t\t\t\t<div class=\"elementor-element elementor-element-4376241 elementor-widget elementor-widget-themedraft_promo_box\" data-id=\"4376241\" data-element_type=\"widget\" data-e-type=\"widget\" data-widget_type=\"themedraft_promo_box.default\">\n\t\t\t\t<div class=\"elementor-widget-container\">\n\t\t\t\t\t\n\t\t<div class=\"td-promo-box-wrapper td-icon-left\">\n\t\t\t<div class=\"row\">\n\t\t\t\t\t\t\t\t\t\t<div class=\"col-xl-12 col-lg-12 col-md-12\">\n\t\t\t\t\t\t\t<div class=\"td-single-promo-box\">\n\t\t\t\t\t\t\t\t<div class=\"td-promo-icon td-primary-color\">\n\t\t\t\t\t\t\t\t\t<svg aria-hidden=\"true\" class=\"e-font-icon-svg e-fas-dove\" viewBox=\"0 0 512 512\" xmlns=\"http:\/\/www.w3.org\/2000\/svg\"><path d=\"M288 167.2v-28.1c-28.2-36.3-47.1-79.3-54.1-125.2-2.1-13.5-19-18.8-27.8-8.3-21.1 24.9-37.7 54.1-48.9 86.5 34.2 38.3 80 64.6 130.8 75.1zM400 64c-44.2 0-80 35.9-80 80.1v59.4C215.6 197.3 127 133 87 41.8c-5.5-12.5-23.2-13.2-29-.9C41.4 76 32 115.2 32 156.6c0 70.8 34.1 136.9 85.1 185.9 13.2 12.7 26.1 23.2 38.9 32.8l-143.9 36C1.4 414-3.4 426.4 2.6 435.7 20 462.6 63 508.2 155.8 512c8 .3 16-2.6 22.1-7.9l65.2-56.1H320c88.4 0 160-71.5 160-159.9V128l32-64H400zm0 96.1c-8.8 0-16-7.2-16-16s7.2-16 16-16 16 7.2 16 16-7.2 16-16 16z\"><\/path><\/svg>\t\t\t\t\t\t\t\t<\/div>\n\n                                <h4 class=\"td-promo-title\">Seguridad emocional<\/h4>\n\n                                <div class=\"td-promo-desc td-last-p-0\">\n\t                                <p>La seguridad emocional es la base de la sanaci\u00f3n. Creamos espacios donde las personas puedan sentirse protegidas, aceptadas y libres para explorar su mundo interno.<\/p>                                <\/div>\n\t\t\t\t\t\t\t<\/div>\n\t\t\t\t\t\t<\/div>\n\t\t\t\t\t\t\t\t\t\t<div class=\"col-xl-12 col-lg-12 col-md-12\">\n\t\t\t\t\t\t\t<div class=\"td-single-promo-box\">\n\t\t\t\t\t\t\t\t<div class=\"td-promo-icon td-primary-color\">\n\t\t\t\t\t\t\t\t\t<svg aria-hidden=\"true\" class=\"e-font-icon-svg e-far-handshake\" viewBox=\"0 0 640 512\" xmlns=\"http:\/\/www.w3.org\/2000\/svg\"><path d=\"M519.2 127.9l-47.6-47.6A56.252 56.252 0 0 0 432 64H205.2c-14.8 0-29.1 5.9-39.6 16.3L118 127.9H0v255.7h64c17.6 0 31.8-14.2 31.9-31.7h9.1l84.6 76.4c30.9 25.1 73.8 25.7 105.6 3.8 12.5 10.8 26 15.9 41.1 15.9 18.2 0 35.3-7.4 48.8-24 22.1 8.7 48.2 2.6 64-16.8l26.2-32.3c5.6-6.9 9.1-14.8 10.9-23h57.9c.1 17.5 14.4 31.7 31.9 31.7h64V127.9H519.2zM48 351.6c-8.8 0-16-7.2-16-16s7.2-16 16-16 16 7.2 16 16c0 8.9-7.2 16-16 16zm390-6.9l-26.1 32.2c-2.8 3.4-7.8 4-11.3 1.2l-23.9-19.4-30 36.5c-6 7.3-15 4.8-18 2.4l-36.8-31.5-15.6 19.2c-13.9 17.1-39.2 19.7-55.3 6.6l-97.3-88H96V175.8h41.9l61.7-61.6c2-.8 3.7-1.5 5.7-2.3H262l-38.7 35.5c-29.4 26.9-31.1 72.3-4.4 101.3 14.8 16.2 61.2 41.2 101.5 4.4l8.2-7.5 108.2 87.8c3.4 2.8 3.9 7.9 1.2 11.3zm106-40.8h-69.2c-2.3-2.8-4.9-5.4-7.7-7.7l-102.7-83.4 12.5-11.4c6.5-6 7-16.1 1-22.6L367 167.1c-6-6.5-16.1-6.9-22.6-1l-55.2 50.6c-9.5 8.7-25.7 9.4-34.6 0-9.3-9.9-8.5-25.1 1.2-33.9l65.6-60.1c7.4-6.8 17-10.5 27-10.5l83.7-.2c2.1 0 4.1.8 5.5 2.3l61.7 61.6H544v128zm48 47.7c-8.8 0-16-7.2-16-16s7.2-16 16-16 16 7.2 16 16c0 8.9-7.2 16-16 16z\"><\/path><\/svg>\t\t\t\t\t\t\t\t<\/div>\n\n                                <h4 class=\"td-promo-title\">V\u00ednculo<\/h4>\n\n                                <div class=\"td-promo-desc td-last-p-0\">\n\t                                <p>El v\u00ednculo es el puente que conecta mente, cuerpo y emoci\u00f3n. Lo cultivamos en cada sesi\u00f3n como herramienta central para el crecimiento, la autorregulaci\u00f3n y la resiliencia.<\/p>                                <\/div>\n\t\t\t\t\t\t\t<\/div>\n\t\t\t\t\t\t<\/div>\n\t\t\t\t\t\t\t<\/div>\n\t\t<\/div>\n\n\t\t\t\t\t\t<\/div>\n\t\t\t\t<\/div>\n\t\t\t\t<\/div>\n\t\t\t\t\t<\/div>\n\t\t\t\t<\/div>\n\t\t\t\t<\/div>\n\t\t\t\t\t<\/div>\n\t\t<\/div>\n\t\t\t\t\t\t<\/div>\n\t\t\t\t\t<\/div>\n\t\t<\/div>\n\t\t\t\t\t<\/div>\n\t\t<\/section>\n\t\t\t\t<\/div>\n\t\t","protected":false},"excerpt":{"rendered":"<p>Nuestra Historia Nuestra Misi\u00f3n Nuestra Visi\u00f3n Nuestros Valores Nuestra Historia Feelings and Beyond naci\u00f3 con el prop\u00f3sito de ofrecer un espacio donde ni\u00f1os, adolescentes y familias puedan encontrar apoyo psicol\u00f3gico profesional, comprensi\u00f3n y herramientas practicas para fortalecer su bienestar mental y emocional. Fundado por la psic\u00f3loga colombiana en Miami, Erika Angulo, licenciada en salud mental [&hellip;]<\/p>\n","protected":false},"author":1,"featured_media":0,"parent":0,"menu_order":0,"comment_status":"closed","ping_status":"closed","template":"","meta":{"_joinchat":[],"footnotes":""},"class_list":["post-608","page","type-page","status-publish","hentry"],"_links":{"self":[{"href":"https:\/\/feelingsandbeyond.com\/language\/wp-json\/wp\/v2\/pages\/608","targetHints":{"allow":["GET"]}}],"collection":[{"href":"https:\/\/feelingsandbeyond.com\/language\/wp-json\/wp\/v2\/pages"}],"about":[{"href":"https:\/\/feelingsandbeyond.com\/language\/wp-json\/wp\/v2\/types\/page"}],"author":[{"embeddable":true,"href":"https:\/\/feelingsandbeyond.com\/language\/wp-json\/wp\/v2\/users\/1"}],"replies":[{"embeddable":true,"href":"https:\/\/feelingsandbeyond.com\/language\/wp-json\/wp\/v2\/comments?post=608"}],"version-history":[{"count":6,"href":"https:\/\/feelingsandbeyond.com\/language\/wp-json\/wp\/v2\/pages\/608\/revisions"}],"predecessor-version":[{"id":1579,"href":"https:\/\/feelingsandbeyond.com\/language\/wp-json\/wp\/v2\/pages\/608\/revisions\/1579"}],"wp:attachment":[{"href":"https:\/\/feelingsandbeyond.com\/language\/wp-json\/wp\/v2\/media?parent=608"}],"curies":[{"name":"wp","href":"https:\/\/api.w.org\/{rel}","templated":true}]}}