{"id":1856,"date":"2025-11-16T03:33:08","date_gmt":"2025-11-16T03:33:08","guid":{"rendered":"http:\/\/feelingsandbeyond.com\/language\/?page_id=1856"},"modified":"2025-11-26T03:17:08","modified_gmt":"2025-11-26T03:17:08","slug":"servicios-talleres-y-programas-educativos","status":"publish","type":"page","link":"https:\/\/feelingsandbeyond.com\/language\/servicios-talleres-y-programas-educativos\/","title":{"rendered":"Servicios &#8211; Talleres y Programas Educativos"},"content":{"rendered":"\t\t<div data-elementor-type=\"wp-page\" data-elementor-id=\"1856\" class=\"elementor elementor-1856\">\n\t\t\t\t\t\t<section class=\"elementor-section elementor-top-section elementor-element elementor-element-0076ccb elementor-section-full_width elementor-section-stretched elementor-section-height-min-height elementor-section-height-default elementor-section-items-middle\" data-id=\"0076ccb\" data-element_type=\"section\" data-e-type=\"section\" data-settings=\"{&quot;stretch_section&quot;:&quot;section-stretched&quot;}\">\n\t\t\t\t\t\t<div class=\"elementor-container elementor-column-gap-default\">\n\t\t\t\t\t<div class=\"elementor-column elementor-col-100 elementor-top-column elementor-element elementor-element-9eae351\" data-id=\"9eae351\" data-element_type=\"column\" data-e-type=\"column\">\n\t\t\t<div class=\"elementor-widget-wrap elementor-element-populated\">\n\t\t\t\t\t\t<div class=\"elementor-element elementor-element-5dbe4f8 elementor-widget elementor-widget-themedraft_section_title\" data-id=\"5dbe4f8\" data-element_type=\"widget\" data-e-type=\"widget\" data-widget_type=\"themedraft_section_title.default\">\n\t\t\t\t<div class=\"elementor-widget-container\">\n\t\t\t\t\t\n\t\t<div class=\"td-section-title-wrapper\">\n            <div class=\"td-section-title-content td-secondary-font\">\n                \n                \n                                    <div class=\"td-section-title\">\n                        <h4>Talleres y Programas Educativos<\/h4>                    <\/div>\n                                        <div class=\"title-bottom-line\" style=\"background-image: url(https:\/\/feelingsandbeyond.com\/2025webfandb\/wp-content\/uploads\/2025\/11\/line_FandB.png)\"><\/div>\n                                                <\/div>\n\t\t<\/div>\n\t\t\t\t\t\t<\/div>\n\t\t\t\t<\/div>\n\t\t\t\t\t<\/div>\n\t\t<\/div>\n\t\t\t\t\t<\/div>\n\t\t<\/section>\n\t\t\t\t<section class=\"elementor-section elementor-top-section elementor-element elementor-element-02791b1 elementor-section-boxed elementor-section-height-default elementor-section-height-default\" data-id=\"02791b1\" data-element_type=\"section\" data-e-type=\"section\">\n\t\t\t\t\t\t<div class=\"elementor-container elementor-column-gap-default\">\n\t\t\t\t\t<div class=\"elementor-column elementor-col-100 elementor-top-column elementor-element elementor-element-7929e1d\" data-id=\"7929e1d\" data-element_type=\"column\" data-e-type=\"column\">\n\t\t\t<div class=\"elementor-widget-wrap elementor-element-populated\">\n\t\t\t\t<div class=\"elementor-element elementor-element-eed016a e-flex e-con-boxed e-con e-parent\" data-id=\"eed016a\" data-element_type=\"container\" data-e-type=\"container\">\n\t\t\t\t\t<div class=\"e-con-inner\">\n\t\t<div class=\"elementor-element elementor-element-bf18672 e-grid e-con-full e-con e-child\" data-id=\"bf18672\" data-element_type=\"container\" data-e-type=\"container\">\n\t\t<div class=\"elementor-element elementor-element-f75a094 e-con-full e-flex e-con e-child\" data-id=\"f75a094\" data-element_type=\"container\" data-e-type=\"container\">\n\t\t\t\t<div class=\"elementor-element elementor-element-7ca4b46 elementor-widget elementor-widget-image\" data-id=\"7ca4b46\" data-element_type=\"widget\" data-e-type=\"widget\" data-widget_type=\"image.default\">\n\t\t\t\t\t\t\t\t\t\t\t\t\t\t\t<img fetchpriority=\"high\" decoding=\"async\" width=\"850\" height=\"567\" src=\"https:\/\/feelingsandbeyond.com\/language\/wp-content\/uploads\/2025\/11\/servicios_talleres-programas_educativos-min.jpg\" class=\"attachment-large size-large wp-image-1754\" alt=\"\" srcset=\"https:\/\/feelingsandbeyond.com\/language\/wp-content\/uploads\/2025\/11\/servicios_talleres-programas_educativos-min.jpg 850w, https:\/\/feelingsandbeyond.com\/language\/wp-content\/uploads\/2025\/11\/servicios_talleres-programas_educativos-min-300x200.jpg 300w, https:\/\/feelingsandbeyond.com\/language\/wp-content\/uploads\/2025\/11\/servicios_talleres-programas_educativos-min-768x512.jpg 768w, https:\/\/feelingsandbeyond.com\/language\/wp-content\/uploads\/2025\/11\/servicios_talleres-programas_educativos-min-600x400.jpg 600w\" sizes=\"(max-width: 850px) 100vw, 850px\" \/>\t\t\t\t\t\t\t\t\t\t\t\t\t\t\t<\/div>\n\t\t\t\t<\/div>\n\t\t\t\t<div class=\"elementor-element elementor-element-31d6f17 elementor-widget elementor-widget-themedraft_title_with_text\" data-id=\"31d6f17\" data-element_type=\"widget\" data-e-type=\"widget\" data-widget_type=\"themedraft_title_with_text.default\">\n\t\t\t\t<div class=\"elementor-widget-container\">\n\t\t\t\t\t\n\t\t<div class=\"td-title-with-text-wrapper\">\n                    <div class=\"desc\">\n                <p>Adem\u00e1s del trabajo terap\u00e9utico individual y familiar, en <strong>Feelings and Beyond<\/strong> desarrollamos <strong>talleres y programas educativos<\/strong> dise\u00f1ados para fortalecer la <strong>salud mental y el bienestar familiar<\/strong>.<\/p><p>Nuestros talleres est\u00e1n dirigidos a padres, educadores y profesionales interesados en mejorar sus habilidades de comunicaci\u00f3n y acompa\u00f1amiento emocional.<\/p>            <\/div>\n\t\t<\/div>\n\n\t\t\t\t\t\t<\/div>\n\t\t\t\t<\/div>\n\t\t\t\t<\/div>\n\t\t\t\t\t<\/div>\n\t\t\t\t<\/div>\n\t\t\t\t\t<\/div>\n\t\t<\/div>\n\t\t\t\t\t<\/div>\n\t\t<\/section>\n\t\t\t\t<section class=\"elementor-section elementor-top-section elementor-element elementor-element-57fb02d elementor-section-boxed elementor-section-height-default elementor-section-height-default\" data-id=\"57fb02d\" data-element_type=\"section\" data-e-type=\"section\">\n\t\t\t\t\t\t<div class=\"elementor-container elementor-column-gap-default\">\n\t\t\t\t\t<div class=\"elementor-column elementor-col-100 elementor-top-column elementor-element elementor-element-bb351a5\" data-id=\"bb351a5\" data-element_type=\"column\" data-e-type=\"column\">\n\t\t\t<div class=\"elementor-widget-wrap elementor-element-populated\">\n\t\t\t\t\t\t<div class=\"elementor-element elementor-element-d6331a9 elementor-widget elementor-widget-heading\" data-id=\"d6331a9\" data-element_type=\"widget\" data-e-type=\"widget\" data-widget_type=\"heading.default\">\n\t\t\t\t\t<h4 class=\"elementor-heading-title elementor-size-default\">Temas frecuentes:<\/h4>\t\t\t\t<\/div>\n\t\t\t\t\t<\/div>\n\t\t<\/div>\n\t\t\t\t\t<\/div>\n\t\t<\/section>\n\t\t\t\t<section class=\"elementor-section elementor-top-section elementor-element elementor-element-e0699b8 elementor-section-boxed elementor-section-height-default elementor-section-height-default\" data-id=\"e0699b8\" data-element_type=\"section\" data-e-type=\"section\">\n\t\t\t\t\t\t<div class=\"elementor-container elementor-column-gap-default\">\n\t\t\t\t\t<div class=\"elementor-column elementor-col-50 elementor-top-column elementor-element elementor-element-b00b528\" data-id=\"b00b528\" data-element_type=\"column\" data-e-type=\"column\">\n\t\t\t<div class=\"elementor-widget-wrap elementor-element-populated\">\n\t\t\t\t\t\t<div class=\"elementor-element elementor-element-80f7d1a elementor-widget elementor-widget-themedraft_text\" data-id=\"80f7d1a\" data-element_type=\"widget\" data-e-type=\"widget\" data-widget_type=\"themedraft_text.default\">\n\t\t\t\t<div class=\"elementor-widget-container\">\n\t\t\t\t\t\n\t\t<div class=\"td-text-wrapper\">\n\t\t\t<ul><li>C\u00f3mo manejar la <strong>ansiedad y los miedos en los ni\u00f1os.<\/strong><\/li><li>Estrategias para <strong>establecer l\u00edmites saludables.<\/strong><\/li><li><strong>Crianza respetuosa y cooperaci\u00f3n familiar.<\/strong><\/li><\/ul>\n            \t\t<\/div>\n\n\t\t\t\t\t\t<\/div>\n\t\t\t\t<\/div>\n\t\t\t\t\t<\/div>\n\t\t<\/div>\n\t\t\t\t<div class=\"elementor-column elementor-col-50 elementor-top-column elementor-element elementor-element-4ad176f\" data-id=\"4ad176f\" data-element_type=\"column\" data-e-type=\"column\">\n\t\t\t<div class=\"elementor-widget-wrap elementor-element-populated\">\n\t\t\t\t\t\t<div class=\"elementor-element elementor-element-8139e49 elementor-widget elementor-widget-themedraft_text\" data-id=\"8139e49\" data-element_type=\"widget\" data-e-type=\"widget\" data-widget_type=\"themedraft_text.default\">\n\t\t\t\t<div class=\"elementor-widget-container\">\n\t\t\t\t\t\n\t\t<div class=\"td-text-wrapper\">\n\t\t\t<ul><li><strong>C\u00f3mo desarrollar la Inteligencia Emocional en los ni\u00f1os. <\/strong><\/li><li>Comunicaci\u00f3n emp\u00e1tica en la pareja y en el hogar.<\/li><li><strong>Regulaci\u00f3n emocional<\/strong> y manejo del estr\u00e9s.<\/li><\/ul>\n            \t\t<\/div>\n\n\t\t\t\t\t\t<\/div>\n\t\t\t\t<\/div>\n\t\t\t\t\t<\/div>\n\t\t<\/div>\n\t\t\t\t\t<\/div>\n\t\t<\/section>\n\t\t\t\t<section class=\"elementor-section elementor-top-section elementor-element elementor-element-2e45d00 elementor-section-boxed elementor-section-height-default elementor-section-height-default\" data-id=\"2e45d00\" data-element_type=\"section\" data-e-type=\"section\">\n\t\t\t\t\t\t<div class=\"elementor-container elementor-column-gap-default\">\n\t\t\t\t\t<div class=\"elementor-column elementor-col-100 elementor-top-column elementor-element elementor-element-6374bce\" data-id=\"6374bce\" data-element_type=\"column\" data-e-type=\"column\">\n\t\t\t<div class=\"elementor-widget-wrap elementor-element-populated\">\n\t\t\t\t\t\t<div class=\"elementor-element elementor-element-474ecc1 elementor-widget elementor-widget-themedraft_title_with_text\" data-id=\"474ecc1\" data-element_type=\"widget\" data-e-type=\"widget\" data-widget_type=\"themedraft_title_with_text.default\">\n\t\t\t\t<div class=\"elementor-widget-container\">\n\t\t\t\t\t\n\t\t<div class=\"td-title-with-text-wrapper\">\n                    <div class=\"desc\">\n                <p>Los talleres se ofrecen en modalidad <strong>presencial y online<\/strong>, disponibles <strong>en espa\u00f1ol e ingl\u00e9s (workshops in Spanish and English)<\/strong>, adaptados al ritmo y necesidades de cada familia.<\/p><p>Cada programa combina teor\u00eda y pr\u00e1ctica, integrando elementos de la Neurociencias, la teor\u00eda del v\u00ednculo y mindfulness para ofrecer recursos que las familias pueden implementar de inmediato.<\/p>            <\/div>\n\t\t<\/div>\n\n\t\t\t\t\t\t<\/div>\n\t\t\t\t<\/div>\n\t\t\t\t\t<\/div>\n\t\t<\/div>\n\t\t\t\t\t<\/div>\n\t\t<\/section>\n\t\t\t\t<section class=\"elementor-section elementor-top-section elementor-element elementor-element-3f91450 elementor-section-boxed elementor-section-height-default elementor-section-height-default\" data-id=\"3f91450\" data-element_type=\"section\" data-e-type=\"section\">\n\t\t\t\t\t\t<div class=\"elementor-container elementor-column-gap-default\">\n\t\t\t\t\t<div class=\"elementor-column elementor-col-100 elementor-top-column elementor-element elementor-element-73986be\" data-id=\"73986be\" data-element_type=\"column\" data-e-type=\"column\">\n\t\t\t<div class=\"elementor-widget-wrap\">\n\t\t\t\t\t\t\t<\/div>\n\t\t<\/div>\n\t\t\t\t\t<\/div>\n\t\t<\/section>\n\t\t\t\t<\/div>\n\t\t","protected":false},"excerpt":{"rendered":"<p>Talleres y Programas Educativos Adem\u00e1s del trabajo terap\u00e9utico individual y familiar, en Feelings and Beyond desarrollamos talleres y programas educativos dise\u00f1ados para fortalecer la salud mental y el bienestar familiar. Nuestros talleres est\u00e1n dirigidos a padres, educadores y profesionales interesados en mejorar sus habilidades de comunicaci\u00f3n y acompa\u00f1amiento emocional. Temas frecuentes: C\u00f3mo manejar la ansiedad [&hellip;]<\/p>\n","protected":false},"author":1,"featured_media":0,"parent":0,"menu_order":0,"comment_status":"closed","ping_status":"closed","template":"","meta":{"_joinchat":[],"footnotes":""},"class_list":["post-1856","page","type-page","status-publish","hentry"],"_links":{"self":[{"href":"https:\/\/feelingsandbeyond.com\/language\/wp-json\/wp\/v2\/pages\/1856","targetHints":{"allow":["GET"]}}],"collection":[{"href":"https:\/\/feelingsandbeyond.com\/language\/wp-json\/wp\/v2\/pages"}],"about":[{"href":"https:\/\/feelingsandbeyond.com\/language\/wp-json\/wp\/v2\/types\/page"}],"author":[{"embeddable":true,"href":"https:\/\/feelingsandbeyond.com\/language\/wp-json\/wp\/v2\/users\/1"}],"replies":[{"embeddable":true,"href":"https:\/\/feelingsandbeyond.com\/language\/wp-json\/wp\/v2\/comments?post=1856"}],"version-history":[{"count":7,"href":"https:\/\/feelingsandbeyond.com\/language\/wp-json\/wp\/v2\/pages\/1856\/revisions"}],"predecessor-version":[{"id":2818,"href":"https:\/\/feelingsandbeyond.com\/language\/wp-json\/wp\/v2\/pages\/1856\/revisions\/2818"}],"wp:attachment":[{"href":"https:\/\/feelingsandbeyond.com\/language\/wp-json\/wp\/v2\/media?parent=1856"}],"curies":[{"name":"wp","href":"https:\/\/api.w.org\/{rel}","templated":true}]}}