{"id":1830,"date":"2025-11-16T02:40:08","date_gmt":"2025-11-16T02:40:08","guid":{"rendered":"http:\/\/feelingsandbeyond.com\/language\/?page_id=1830"},"modified":"2025-11-26T02:50:43","modified_gmt":"2025-11-26T02:50:43","slug":"servicios-terapia-de-pareja","status":"publish","type":"page","link":"https:\/\/feelingsandbeyond.com\/language\/servicios-terapia-de-pareja\/","title":{"rendered":"Servicios &#8211; Terapia de Pareja"},"content":{"rendered":"\t\t<div data-elementor-type=\"wp-page\" data-elementor-id=\"1830\" class=\"elementor elementor-1830\">\n\t\t\t\t\t\t<section class=\"elementor-section elementor-top-section elementor-element elementor-element-0076ccb elementor-section-full_width elementor-section-stretched elementor-section-height-min-height elementor-section-height-default elementor-section-items-middle\" data-id=\"0076ccb\" data-element_type=\"section\" data-e-type=\"section\" data-settings=\"{&quot;stretch_section&quot;:&quot;section-stretched&quot;}\">\n\t\t\t\t\t\t<div class=\"elementor-container elementor-column-gap-default\">\n\t\t\t\t\t<div class=\"elementor-column elementor-col-100 elementor-top-column elementor-element elementor-element-9eae351\" data-id=\"9eae351\" data-element_type=\"column\" data-e-type=\"column\">\n\t\t\t<div class=\"elementor-widget-wrap elementor-element-populated\">\n\t\t\t\t\t\t<div class=\"elementor-element elementor-element-5dbe4f8 elementor-widget elementor-widget-themedraft_section_title\" data-id=\"5dbe4f8\" data-element_type=\"widget\" data-e-type=\"widget\" data-widget_type=\"themedraft_section_title.default\">\n\t\t\t\t<div class=\"elementor-widget-container\">\n\t\t\t\t\t\n\t\t<div class=\"td-section-title-wrapper\">\n            <div class=\"td-section-title-content td-secondary-font\">\n                \n                \n                                    <div class=\"td-section-title\">\n                        <h4>Terapia de Pareja<\/h4>                    <\/div>\n                                        <div class=\"title-bottom-line\" style=\"background-image: url(https:\/\/feelingsandbeyond.com\/2025webfandb\/wp-content\/uploads\/2025\/11\/line_FandB.png)\"><\/div>\n                                                <\/div>\n\t\t<\/div>\n\t\t\t\t\t\t<\/div>\n\t\t\t\t<\/div>\n\t\t\t\t\t<\/div>\n\t\t<\/div>\n\t\t\t\t\t<\/div>\n\t\t<\/section>\n\t\t\t\t<section class=\"elementor-section elementor-top-section elementor-element elementor-element-cb3a042 elementor-section-boxed elementor-section-height-default elementor-section-height-default\" data-id=\"cb3a042\" data-element_type=\"section\" data-e-type=\"section\">\n\t\t\t\t\t\t<div class=\"elementor-container elementor-column-gap-default\">\n\t\t\t\t\t<div class=\"elementor-column elementor-col-100 elementor-top-column elementor-element elementor-element-43f9001\" data-id=\"43f9001\" data-element_type=\"column\" data-e-type=\"column\">\n\t\t\t<div class=\"elementor-widget-wrap elementor-element-populated\">\n\t\t\t\t<div class=\"elementor-element elementor-element-ff1d65b e-flex e-con-boxed e-con e-parent\" data-id=\"ff1d65b\" data-element_type=\"container\" data-e-type=\"container\">\n\t\t\t\t\t<div class=\"e-con-inner\">\n\t\t<div class=\"elementor-element elementor-element-f1df846 e-grid e-con-full e-con e-child\" data-id=\"f1df846\" data-element_type=\"container\" data-e-type=\"container\">\n\t\t<div class=\"elementor-element elementor-element-6969408 e-con-full e-flex e-con e-child\" data-id=\"6969408\" data-element_type=\"container\" data-e-type=\"container\">\n\t\t\t\t<div class=\"elementor-element elementor-element-f937606 elementor-widget elementor-widget-image\" data-id=\"f937606\" data-element_type=\"widget\" data-e-type=\"widget\" data-widget_type=\"image.default\">\n\t\t\t\t\t\t\t\t\t\t\t\t\t\t\t<img fetchpriority=\"high\" decoding=\"async\" width=\"850\" height=\"566\" src=\"https:\/\/feelingsandbeyond.com\/language\/wp-content\/uploads\/2025\/11\/servicios_terapia_para_parejas-min.jpg\" class=\"attachment-large size-large wp-image-1758\" alt=\"\" srcset=\"https:\/\/feelingsandbeyond.com\/language\/wp-content\/uploads\/2025\/11\/servicios_terapia_para_parejas-min.jpg 850w, https:\/\/feelingsandbeyond.com\/language\/wp-content\/uploads\/2025\/11\/servicios_terapia_para_parejas-min-300x200.jpg 300w, https:\/\/feelingsandbeyond.com\/language\/wp-content\/uploads\/2025\/11\/servicios_terapia_para_parejas-min-768x511.jpg 768w, https:\/\/feelingsandbeyond.com\/language\/wp-content\/uploads\/2025\/11\/servicios_terapia_para_parejas-min-600x400.jpg 600w\" sizes=\"(max-width: 850px) 100vw, 850px\" \/>\t\t\t\t\t\t\t\t\t\t\t\t\t\t\t<\/div>\n\t\t\t\t<\/div>\n\t\t\t\t<div class=\"elementor-element elementor-element-4833766 elementor-widget elementor-widget-themedraft_title_with_text\" data-id=\"4833766\" data-element_type=\"widget\" data-e-type=\"widget\" data-widget_type=\"themedraft_title_with_text.default\">\n\t\t\t\t<div class=\"elementor-widget-container\">\n\t\t\t\t\t\n\t\t<div class=\"td-title-with-text-wrapper\">\n        \t\t\t<h4 class=\"title\">Recupera la cercan\u00eda y el v\u00ednculo, incluso cuando todo se complica!<\/h4>\n                        <div class=\"desc\">\n                <p>Toda relaci\u00f3n pasa por etapas de cambio. Las diferencias en la comunicaci\u00f3n, el manejo del tiempo o las responsabilidades pueden generar distancia emocional o conflictos que, sin acompa\u00f1amiento, se vuelven un poco m\u00e1s dif\u00edciles de resolver.<\/p><p>En Feelings and Beyond, ofrecemos terapia de pareja online y presencial en Miami, en un espacio confidencial donde ambos miembros pueden expresar lo que sienten y aprender nuevas formas de comunicarse desde el respeto y la empat\u00eda.<\/p><p>Nuestro objetivo es ayudar a las parejas a <strong>reconstruir la conexi\u00f3n emocional<\/strong>, <strong>mejorar la comunicaci\u00f3n<\/strong> y <strong>recuperar la confianza<\/strong>.<\/p>            <\/div>\n\t\t<\/div>\n\n\t\t\t\t\t\t<\/div>\n\t\t\t\t<\/div>\n\t\t\t\t<\/div>\n\t\t\t\t\t<\/div>\n\t\t\t\t<\/div>\n\t\t\t\t\t<\/div>\n\t\t<\/div>\n\t\t\t\t\t<\/div>\n\t\t<\/section>\n\t\t\t\t<section class=\"elementor-section elementor-top-section elementor-element elementor-element-54a1d01 elementor-section-boxed elementor-section-height-default elementor-section-height-default\" data-id=\"54a1d01\" data-element_type=\"section\" data-e-type=\"section\">\n\t\t\t\t\t\t<div class=\"elementor-container elementor-column-gap-default\">\n\t\t\t\t\t<div class=\"elementor-column elementor-col-100 elementor-top-column elementor-element elementor-element-777979e\" data-id=\"777979e\" data-element_type=\"column\" data-e-type=\"column\">\n\t\t\t<div class=\"elementor-widget-wrap elementor-element-populated\">\n\t\t\t\t\t\t<div class=\"elementor-element elementor-element-9ac6857 elementor-widget elementor-widget-themedraft_title_with_text\" data-id=\"9ac6857\" data-element_type=\"widget\" data-e-type=\"widget\" data-widget_type=\"themedraft_title_with_text.default\">\n\t\t\t\t<div class=\"elementor-widget-container\">\n\t\t\t\t\t\n\t\t<div class=\"td-title-with-text-wrapper\">\n        \t\t\t<h4 class=\"title\">\u00bfPara qui\u00e9nes es la Terapia de Pareja?<\/h4>\n                        <div class=\"desc\">\n                            <\/div>\n\t\t<\/div>\n\n\t\t\t\t\t\t<\/div>\n\t\t\t\t<\/div>\n\t\t\t\t\t<\/div>\n\t\t<\/div>\n\t\t\t\t\t<\/div>\n\t\t<\/section>\n\t\t\t\t<section class=\"elementor-section elementor-top-section elementor-element elementor-element-e0699b8 elementor-section-boxed elementor-section-height-default elementor-section-height-default\" data-id=\"e0699b8\" data-element_type=\"section\" data-e-type=\"section\">\n\t\t\t\t\t\t<div class=\"elementor-container elementor-column-gap-default\">\n\t\t\t\t\t<div class=\"elementor-column elementor-col-50 elementor-top-column elementor-element elementor-element-b00b528\" data-id=\"b00b528\" data-element_type=\"column\" data-e-type=\"column\">\n\t\t\t<div class=\"elementor-widget-wrap elementor-element-populated\">\n\t\t\t\t\t\t<div class=\"elementor-element elementor-element-80f7d1a elementor-widget elementor-widget-themedraft_text\" data-id=\"80f7d1a\" data-element_type=\"widget\" data-e-type=\"widget\" data-widget_type=\"themedraft_text.default\">\n\t\t\t\t<div class=\"elementor-widget-container\">\n\t\t\t\t\t\n\t\t<div class=\"td-text-wrapper\">\n\t\t\t<ul><li>Parejas que enfrentan <strong>conflictos frecuentes o dificultades para comunicarse.<\/strong><\/li><li>Parejas que buscan <strong>recuperar la confianza despu\u00e9s de traiciones o infidelidades<\/strong>.<\/li><li>Parejas que atraviesan <strong>cambios importantes en la vida, retos de crianza o familias ensambladas<\/strong>.<\/li><\/ul>\n            \t\t<\/div>\n\n\t\t\t\t\t\t<\/div>\n\t\t\t\t<\/div>\n\t\t\t\t\t<\/div>\n\t\t<\/div>\n\t\t\t\t<div class=\"elementor-column elementor-col-50 elementor-top-column elementor-element elementor-element-4ad176f\" data-id=\"4ad176f\" data-element_type=\"column\" data-e-type=\"column\">\n\t\t\t<div class=\"elementor-widget-wrap elementor-element-populated\">\n\t\t\t\t\t\t<div class=\"elementor-element elementor-element-8139e49 elementor-widget elementor-widget-themedraft_text\" data-id=\"8139e49\" data-element_type=\"widget\" data-e-type=\"widget\" data-widget_type=\"themedraft_text.default\">\n\t\t\t\t<div class=\"elementor-widget-container\">\n\t\t\t\t\t\n\t\t<div class=\"td-text-wrapper\">\n\t\t\t<ul><li>Parejas que enfrentan Duelos, p\u00e9rdidas o transiciones importantes.<\/li><li>Parejas que desean <strong>fortalecer la intimidad, la comprensi\u00f3n mutua y la conexi\u00f3n emocional<\/strong>.<\/li><\/ul>\n            \t\t<\/div>\n\n\t\t\t\t\t\t<\/div>\n\t\t\t\t<\/div>\n\t\t\t\t\t<\/div>\n\t\t<\/div>\n\t\t\t\t\t<\/div>\n\t\t<\/section>\n\t\t\t\t<section class=\"elementor-section elementor-top-section elementor-element elementor-element-2e45d00 elementor-section-boxed elementor-section-height-default elementor-section-height-default\" data-id=\"2e45d00\" data-element_type=\"section\" data-e-type=\"section\">\n\t\t\t\t\t\t<div class=\"elementor-container elementor-column-gap-default\">\n\t\t\t\t\t<div class=\"elementor-column elementor-col-100 elementor-top-column elementor-element elementor-element-6374bce\" data-id=\"6374bce\" data-element_type=\"column\" data-e-type=\"column\">\n\t\t\t<div class=\"elementor-widget-wrap elementor-element-populated\">\n\t\t\t\t\t\t<div class=\"elementor-element elementor-element-474ecc1 elementor-widget elementor-widget-themedraft_title_with_text\" data-id=\"474ecc1\" data-element_type=\"widget\" data-e-type=\"widget\" data-widget_type=\"themedraft_title_with_text.default\">\n\t\t\t\t<div class=\"elementor-widget-container\">\n\t\t\t\t\t\n\t\t<div class=\"td-title-with-text-wrapper\">\n                    <div class=\"desc\">\n                <p>A trav\u00e9s de la <strong>terapia psicol\u00f3gica de pareja<\/strong>, los participantes aprenden a identificar patrones repetitivos, desarrollar empat\u00eda y fortalecer el v\u00ednculo afectivo.<\/p><p>El proceso est\u00e1 dise\u00f1ado para que cada uno se sienta escuchado y valorado, fomentando la cooperaci\u00f3n y el compromiso mutuo.<\/p>            <\/div>\n\t\t<\/div>\n\n\t\t\t\t\t\t<\/div>\n\t\t\t\t<\/div>\n\t\t\t\t\t<\/div>\n\t\t<\/div>\n\t\t\t\t\t<\/div>\n\t\t<\/section>\n\t\t\t\t<section class=\"elementor-section elementor-top-section elementor-element elementor-element-3f91450 elementor-section-boxed elementor-section-height-default elementor-section-height-default\" data-id=\"3f91450\" data-element_type=\"section\" data-e-type=\"section\">\n\t\t\t\t\t\t<div class=\"elementor-container elementor-column-gap-default\">\n\t\t\t\t\t<div class=\"elementor-column elementor-col-100 elementor-top-column elementor-element elementor-element-73986be\" data-id=\"73986be\" data-element_type=\"column\" data-e-type=\"column\">\n\t\t\t<div class=\"elementor-widget-wrap elementor-element-populated\">\n\t\t\t\t\t\t<div class=\"elementor-element elementor-element-653620a elementor-widget elementor-widget-heading\" data-id=\"653620a\" data-element_type=\"widget\" data-e-type=\"widget\" data-widget_type=\"heading.default\">\n\t\t\t\t\t<h4 class=\"elementor-heading-title elementor-size-default\"><span style=\"color:#000000\">\u201cConstruir una pareja sana es un viaje de aprendizaje diario que a veces necesita gu\u00eda y acompa\u00f1amiento.\u201d<\/span> <\/h4>\t\t\t\t<\/div>\n\t\t\t\t\t<\/div>\n\t\t<\/div>\n\t\t\t\t\t<\/div>\n\t\t<\/section>\n\t\t\t\t<\/div>\n\t\t","protected":false},"excerpt":{"rendered":"<p>Terapia de Pareja Recupera la cercan\u00eda y el v\u00ednculo, incluso cuando todo se complica! Toda relaci\u00f3n pasa por etapas de cambio. Las diferencias en la comunicaci\u00f3n, el manejo del tiempo o las responsabilidades pueden generar distancia emocional o conflictos que, sin acompa\u00f1amiento, se vuelven un poco m\u00e1s dif\u00edciles de resolver. En Feelings and Beyond, ofrecemos [&hellip;]<\/p>\n","protected":false},"author":1,"featured_media":0,"parent":0,"menu_order":0,"comment_status":"closed","ping_status":"closed","template":"","meta":{"_joinchat":[],"footnotes":""},"class_list":["post-1830","page","type-page","status-publish","hentry"],"_links":{"self":[{"href":"https:\/\/feelingsandbeyond.com\/language\/wp-json\/wp\/v2\/pages\/1830","targetHints":{"allow":["GET"]}}],"collection":[{"href":"https:\/\/feelingsandbeyond.com\/language\/wp-json\/wp\/v2\/pages"}],"about":[{"href":"https:\/\/feelingsandbeyond.com\/language\/wp-json\/wp\/v2\/types\/page"}],"author":[{"embeddable":true,"href":"https:\/\/feelingsandbeyond.com\/language\/wp-json\/wp\/v2\/users\/1"}],"replies":[{"embeddable":true,"href":"https:\/\/feelingsandbeyond.com\/language\/wp-json\/wp\/v2\/comments?post=1830"}],"version-history":[{"count":16,"href":"https:\/\/feelingsandbeyond.com\/language\/wp-json\/wp\/v2\/pages\/1830\/revisions"}],"predecessor-version":[{"id":2800,"href":"https:\/\/feelingsandbeyond.com\/language\/wp-json\/wp\/v2\/pages\/1830\/revisions\/2800"}],"wp:attachment":[{"href":"https:\/\/feelingsandbeyond.com\/language\/wp-json\/wp\/v2\/media?parent=1830"}],"curies":[{"name":"wp","href":"https:\/\/api.w.org\/{rel}","templated":true}]}}