{"id":1795,"date":"2025-11-16T01:59:20","date_gmt":"2025-11-16T01:59:20","guid":{"rendered":"http:\/\/feelingsandbeyond.com\/language\/?page_id=1795"},"modified":"2025-11-26T02:37:11","modified_gmt":"2025-11-26T02:37:11","slug":"servicios-psicoterapia-para-adolescentes","status":"publish","type":"page","link":"https:\/\/feelingsandbeyond.com\/language\/servicios-psicoterapia-para-adolescentes\/","title":{"rendered":"Servicios &#8211; Psicoterapia para Adolescentes"},"content":{"rendered":"\t\t<div data-elementor-type=\"wp-page\" data-elementor-id=\"1795\" class=\"elementor elementor-1795\">\n\t\t\t\t\t\t<section class=\"elementor-section elementor-top-section elementor-element elementor-element-0076ccb elementor-section-full_width elementor-section-stretched elementor-section-height-min-height elementor-section-height-default elementor-section-items-middle\" data-id=\"0076ccb\" data-element_type=\"section\" data-e-type=\"section\" data-settings=\"{&quot;stretch_section&quot;:&quot;section-stretched&quot;}\">\n\t\t\t\t\t\t<div class=\"elementor-container elementor-column-gap-default\">\n\t\t\t\t\t<div class=\"elementor-column elementor-col-100 elementor-top-column elementor-element elementor-element-9eae351\" data-id=\"9eae351\" data-element_type=\"column\" data-e-type=\"column\">\n\t\t\t<div class=\"elementor-widget-wrap elementor-element-populated\">\n\t\t\t\t\t\t<div class=\"elementor-element elementor-element-5dbe4f8 elementor-widget elementor-widget-themedraft_section_title\" data-id=\"5dbe4f8\" data-element_type=\"widget\" data-e-type=\"widget\" data-widget_type=\"themedraft_section_title.default\">\n\t\t\t\t<div class=\"elementor-widget-container\">\n\t\t\t\t\t\n\t\t<div class=\"td-section-title-wrapper\">\n            <div class=\"td-section-title-content td-secondary-font\">\n                \n                \n                                    <div class=\"td-section-title\">\n                        <h4>Psicoterapia para Adolescentes<\/h4>                    <\/div>\n                                        <div class=\"title-bottom-line\" style=\"background-image: url(https:\/\/feelingsandbeyond.com\/2025webfandb\/wp-content\/uploads\/2025\/11\/line_FandB.png)\"><\/div>\n                                                <\/div>\n\t\t<\/div>\n\t\t\t\t\t\t<\/div>\n\t\t\t\t<\/div>\n\t\t\t\t\t<\/div>\n\t\t<\/div>\n\t\t\t\t\t<\/div>\n\t\t<\/section>\n\t\t\t\t<section class=\"elementor-section elementor-top-section elementor-element elementor-element-cb3a042 elementor-section-boxed elementor-section-height-default elementor-section-height-default\" data-id=\"cb3a042\" data-element_type=\"section\" data-e-type=\"section\">\n\t\t\t\t\t\t<div class=\"elementor-container elementor-column-gap-default\">\n\t\t\t\t\t<div class=\"elementor-column elementor-col-100 elementor-top-column elementor-element elementor-element-43f9001\" data-id=\"43f9001\" data-element_type=\"column\" data-e-type=\"column\">\n\t\t\t<div class=\"elementor-widget-wrap elementor-element-populated\">\n\t\t\t\t<div class=\"elementor-element elementor-element-ff1d65b e-flex e-con-boxed e-con e-parent\" data-id=\"ff1d65b\" data-element_type=\"container\" data-e-type=\"container\">\n\t\t\t\t\t<div class=\"e-con-inner\">\n\t\t<div class=\"elementor-element elementor-element-f1df846 e-grid e-con-full e-con e-child\" data-id=\"f1df846\" data-element_type=\"container\" data-e-type=\"container\">\n\t\t<div class=\"elementor-element elementor-element-6969408 e-con-full e-flex e-con e-child\" data-id=\"6969408\" data-element_type=\"container\" data-e-type=\"container\">\n\t\t\t\t<div class=\"elementor-element elementor-element-f937606 elementor-widget elementor-widget-image\" data-id=\"f937606\" data-element_type=\"widget\" data-e-type=\"widget\" data-widget_type=\"image.default\">\n\t\t\t\t\t\t\t\t\t\t\t\t\t\t\t<img fetchpriority=\"high\" decoding=\"async\" width=\"850\" height=\"567\" src=\"https:\/\/feelingsandbeyond.com\/language\/wp-content\/uploads\/2025\/11\/servicios_terapia_adolescentes-min.jpg\" class=\"attachment-large size-large wp-image-1755\" alt=\"\" srcset=\"https:\/\/feelingsandbeyond.com\/language\/wp-content\/uploads\/2025\/11\/servicios_terapia_adolescentes-min.jpg 850w, https:\/\/feelingsandbeyond.com\/language\/wp-content\/uploads\/2025\/11\/servicios_terapia_adolescentes-min-300x200.jpg 300w, https:\/\/feelingsandbeyond.com\/language\/wp-content\/uploads\/2025\/11\/servicios_terapia_adolescentes-min-768x512.jpg 768w, https:\/\/feelingsandbeyond.com\/language\/wp-content\/uploads\/2025\/11\/servicios_terapia_adolescentes-min-600x400.jpg 600w\" sizes=\"(max-width: 850px) 100vw, 850px\" \/>\t\t\t\t\t\t\t\t\t\t\t\t\t\t\t<\/div>\n\t\t\t\t<\/div>\n\t\t\t\t<div class=\"elementor-element elementor-element-4833766 elementor-widget elementor-widget-themedraft_title_with_text\" data-id=\"4833766\" data-element_type=\"widget\" data-e-type=\"widget\" data-widget_type=\"themedraft_title_with_text.default\">\n\t\t\t\t<div class=\"elementor-widget-container\">\n\t\t\t\t\t\n\t\t<div class=\"td-title-with-text-wrapper\">\n                    <div class=\"desc\">\n                <p>La adolescencia es una etapa de transici\u00f3n llena de cambios f\u00edsicos, emocionales y sociales. Muchos j\u00f3venes pueden experimentar <strong>ansiedad, estr\u00e9s escolar, baja autoestima, dificultades en relacionarse con sus pares o amigos,\u00a0 dificultades para comunicarse en casa<\/strong>, entre otros desaf\u00edos y algunas veces no cuentan con las herramientas para expresarlo apropriadamente. y no siempre saben c\u00f3mo expresarlo.<\/p><p>En Feelings and Beyond, ofrecemos terapia psicol\u00f3gica presencial y online para adolescentes en Doral (Miami), un espacio seguro donde pueden hablar sin miedo al juicio, comprender sus emociones y aprender herramientas para manejar los retos propios de esta etapa.<\/p>            <\/div>\n\t\t<\/div>\n\n\t\t\t\t\t\t<\/div>\n\t\t\t\t<\/div>\n\t\t\t\t<\/div>\n\t\t\t\t\t<\/div>\n\t\t\t\t<\/div>\n\t\t\t\t\t<\/div>\n\t\t<\/div>\n\t\t\t\t\t<\/div>\n\t\t<\/section>\n\t\t\t\t<section class=\"elementor-section elementor-top-section elementor-element elementor-element-fa31e0c elementor-section-boxed elementor-section-height-default elementor-section-height-default\" data-id=\"fa31e0c\" data-element_type=\"section\" data-e-type=\"section\">\n\t\t\t\t\t\t<div class=\"elementor-container elementor-column-gap-default\">\n\t\t\t\t\t<div class=\"elementor-column elementor-col-100 elementor-top-column elementor-element elementor-element-399587e\" data-id=\"399587e\" data-element_type=\"column\" data-e-type=\"column\">\n\t\t\t<div class=\"elementor-widget-wrap elementor-element-populated\">\n\t\t\t\t\t\t<div class=\"elementor-element elementor-element-db5f043 elementor-widget elementor-widget-themedraft_title_with_text\" data-id=\"db5f043\" data-element_type=\"widget\" data-e-type=\"widget\" data-widget_type=\"themedraft_title_with_text.default\">\n\t\t\t\t<div class=\"elementor-widget-container\">\n\t\t\t\t\t\n\t\t<div class=\"td-title-with-text-wrapper\">\n        \t\t\t<h4 class=\"title\">\u00bfPara qui\u00e9n es la Psicoterapia para Adolescentes?<\/h4>\n                        <div class=\"desc\">\n                <p>En Feelings &amp; Beyond, nuestra terapia acompa\u00f1a a los adolescentes a navegar las transiciones m\u00e1s complejas de la vida, ya sean emocionales, sociales o personales.<\/p><p>Apoyamos a j\u00f3venes que:<\/p>            <\/div>\n\t\t<\/div>\n\n\t\t\t\t\t\t<\/div>\n\t\t\t\t<\/div>\n\t\t\t\t\t<\/div>\n\t\t<\/div>\n\t\t\t\t\t<\/div>\n\t\t<\/section>\n\t\t\t\t<section class=\"elementor-section elementor-top-section elementor-element elementor-element-e0699b8 elementor-section-boxed elementor-section-height-default elementor-section-height-default\" data-id=\"e0699b8\" data-element_type=\"section\" data-e-type=\"section\">\n\t\t\t\t\t\t<div class=\"elementor-container elementor-column-gap-default\">\n\t\t\t\t\t<div class=\"elementor-column elementor-col-50 elementor-top-column elementor-element elementor-element-b00b528\" data-id=\"b00b528\" data-element_type=\"column\" data-e-type=\"column\">\n\t\t\t<div class=\"elementor-widget-wrap elementor-element-populated\">\n\t\t\t\t\t\t<div class=\"elementor-element elementor-element-80f7d1a elementor-widget elementor-widget-themedraft_text\" data-id=\"80f7d1a\" data-element_type=\"widget\" data-e-type=\"widget\" data-widget_type=\"themedraft_text.default\">\n\t\t\t\t<div class=\"elementor-widget-container\">\n\t\t\t\t\t\n\t\t<div class=\"td-text-wrapper\">\n\t\t\t<ul><li>Experimentan estr\u00e9s y ansiedad escolar.<\/li><li>Luchan con la\u00a0 presi\u00f3n social y comparaci\u00f3n con otros.<\/li><li>Presentan baja autoestima e inseguridad personal.<\/li><li>Enfrentan el bullying o conflictos con compa\u00f1eros.<\/li><\/ul>\n            \t\t<\/div>\n\n\t\t\t\t\t\t<\/div>\n\t\t\t\t<\/div>\n\t\t\t\t\t<\/div>\n\t\t<\/div>\n\t\t\t\t<div class=\"elementor-column elementor-col-50 elementor-top-column elementor-element elementor-element-4ad176f\" data-id=\"4ad176f\" data-element_type=\"column\" data-e-type=\"column\">\n\t\t\t<div class=\"elementor-widget-wrap elementor-element-populated\">\n\t\t\t\t\t\t<div class=\"elementor-element elementor-element-8139e49 elementor-widget elementor-widget-themedraft_text\" data-id=\"8139e49\" data-element_type=\"widget\" data-e-type=\"widget\" data-widget_type=\"themedraft_text.default\">\n\t\t\t\t<div class=\"elementor-widget-container\">\n\t\t\t\t\t\n\t\t<div class=\"td-text-wrapper\">\n\t\t\t<ul><li>Experimentan dificultad para comunicarse con los padres.<\/li><li>Presentan impulsividad, desmotivaci\u00f3n o frustraci\u00f3n.<\/li><li>Sufren con de aislamiento, irritabilidad o cambios de \u00e1nimo, entre otros.<\/li><\/ul>\n            \t\t<\/div>\n\n\t\t\t\t\t\t<\/div>\n\t\t\t\t<\/div>\n\t\t\t\t\t<\/div>\n\t\t<\/div>\n\t\t\t\t\t<\/div>\n\t\t<\/section>\n\t\t\t\t<section class=\"elementor-section elementor-top-section elementor-element elementor-element-24ebe95 elementor-section-boxed elementor-section-height-default elementor-section-height-default\" data-id=\"24ebe95\" data-element_type=\"section\" data-e-type=\"section\">\n\t\t\t\t\t\t<div class=\"elementor-container elementor-column-gap-default\">\n\t\t\t\t\t<div class=\"elementor-column elementor-col-100 elementor-top-column elementor-element elementor-element-f36e114\" data-id=\"f36e114\" data-element_type=\"column\" data-e-type=\"column\">\n\t\t\t<div class=\"elementor-widget-wrap elementor-element-populated\">\n\t\t\t\t\t\t<div class=\"elementor-element elementor-element-04f6a4e elementor-widget elementor-widget-themedraft_title_with_text\" data-id=\"04f6a4e\" data-element_type=\"widget\" data-e-type=\"widget\" data-widget_type=\"themedraft_title_with_text.default\">\n\t\t\t\t<div class=\"elementor-widget-container\">\n\t\t\t\t\t\n\t\t<div class=\"td-title-with-text-wrapper\">\n                    <div class=\"desc\">\n                <p>La <strong>terapia para adolescentes<\/strong> no solo busca aliviar s\u00edntomas, sino tambi\u00e9n fomentar la <strong>autoconfianza, la responsabilidad emocional y el equilibrio mental<\/strong>.<br \/>A lo largo de las sesiones, ayudamos al joven a:<\/p>            <\/div>\n\t\t<\/div>\n\n\t\t\t\t\t\t<\/div>\n\t\t\t\t<\/div>\n\t\t\t\t\t<\/div>\n\t\t<\/div>\n\t\t\t\t\t<\/div>\n\t\t<\/section>\n\t\t\t\t<section class=\"elementor-section elementor-top-section elementor-element elementor-element-ea7e76e elementor-section-boxed elementor-section-height-default elementor-section-height-default\" data-id=\"ea7e76e\" data-element_type=\"section\" data-e-type=\"section\">\n\t\t\t\t\t\t<div class=\"elementor-container elementor-column-gap-default\">\n\t\t\t\t\t<div class=\"elementor-column elementor-col-50 elementor-top-column elementor-element elementor-element-da4a419\" data-id=\"da4a419\" data-element_type=\"column\" data-e-type=\"column\">\n\t\t\t<div class=\"elementor-widget-wrap elementor-element-populated\">\n\t\t\t\t\t\t<div class=\"elementor-element elementor-element-01c17c6 elementor-widget elementor-widget-themedraft_text\" data-id=\"01c17c6\" data-element_type=\"widget\" data-e-type=\"widget\" data-widget_type=\"themedraft_text.default\">\n\t\t\t\t<div class=\"elementor-widget-container\">\n\t\t\t\t\t\n\t\t<div class=\"td-text-wrapper\">\n\t\t\t<ul><li>Identificar y expresar emociones de forma saludable.<\/li><li>Desarrollar habilidades sociales y comunicaci\u00f3n asertiva.<\/li><li>Fortalecer su autoestima y autonom\u00eda.<\/li><\/ul>\n            \t\t<\/div>\n\n\t\t\t\t\t\t<\/div>\n\t\t\t\t<\/div>\n\t\t\t\t\t<\/div>\n\t\t<\/div>\n\t\t\t\t<div class=\"elementor-column elementor-col-50 elementor-top-column elementor-element elementor-element-0fe031a\" data-id=\"0fe031a\" data-element_type=\"column\" data-e-type=\"column\">\n\t\t\t<div class=\"elementor-widget-wrap elementor-element-populated\">\n\t\t\t\t\t\t<div class=\"elementor-element elementor-element-23b8485 elementor-widget elementor-widget-themedraft_text\" data-id=\"23b8485\" data-element_type=\"widget\" data-e-type=\"widget\" data-widget_type=\"themedraft_text.default\">\n\t\t\t\t<div class=\"elementor-widget-container\">\n\t\t\t\t\t\n\t\t<div class=\"td-text-wrapper\">\n\t\t\t<ul><li>Construir relaciones significativas m\u00e1s seguras y respetuosas.<\/li><li>Entre otras.<\/li><\/ul>\n            \t\t<\/div>\n\n\t\t\t\t\t\t<\/div>\n\t\t\t\t<\/div>\n\t\t\t\t\t<\/div>\n\t\t<\/div>\n\t\t\t\t\t<\/div>\n\t\t<\/section>\n\t\t\t\t<section class=\"elementor-section elementor-top-section elementor-element elementor-element-2e45d00 elementor-section-boxed elementor-section-height-default elementor-section-height-default\" data-id=\"2e45d00\" data-element_type=\"section\" data-e-type=\"section\">\n\t\t\t\t\t\t<div class=\"elementor-container elementor-column-gap-default\">\n\t\t\t\t\t<div class=\"elementor-column elementor-col-100 elementor-top-column elementor-element elementor-element-6374bce\" data-id=\"6374bce\" data-element_type=\"column\" data-e-type=\"column\">\n\t\t\t<div class=\"elementor-widget-wrap elementor-element-populated\">\n\t\t\t\t\t\t<div class=\"elementor-element elementor-element-474ecc1 elementor-widget elementor-widget-themedraft_title_with_text\" data-id=\"474ecc1\" data-element_type=\"widget\" data-e-type=\"widget\" data-widget_type=\"themedraft_title_with_text.default\">\n\t\t\t\t<div class=\"elementor-widget-container\">\n\t\t\t\t\t\n\t\t<div class=\"td-title-with-text-wrapper\">\n                    <div class=\"desc\">\n                <p>Tambi\u00e9n ofrecemos, cuando es necesario, <strong>espacios de orientaci\u00f3n para padres<\/strong>, donde compartimos <strong>recursos y estrategias<\/strong> que ayudan a <strong>comprender mejor las necesidades emocionales de sus hijos, fortalecer los v\u00ednculos familiares y mejorar la comunicaci\u00f3n en casa.<\/strong><\/p>            <\/div>\n\t\t<\/div>\n\n\t\t\t\t\t\t<\/div>\n\t\t\t\t<\/div>\n\t\t\t\t\t<\/div>\n\t\t<\/div>\n\t\t\t\t\t<\/div>\n\t\t<\/section>\n\t\t\t\t<\/div>\n\t\t","protected":false},"excerpt":{"rendered":"<p>Psicoterapia para Adolescentes La adolescencia es una etapa de transici\u00f3n llena de cambios f\u00edsicos, emocionales y sociales. Muchos j\u00f3venes pueden experimentar ansiedad, estr\u00e9s escolar, baja autoestima, dificultades en relacionarse con sus pares o amigos,\u00a0 dificultades para comunicarse en casa, entre otros desaf\u00edos y algunas veces no cuentan con las herramientas para expresarlo apropriadamente. y no [&hellip;]<\/p>\n","protected":false},"author":1,"featured_media":0,"parent":0,"menu_order":0,"comment_status":"closed","ping_status":"closed","template":"","meta":{"_joinchat":[],"footnotes":""},"class_list":["post-1795","page","type-page","status-publish","hentry"],"_links":{"self":[{"href":"https:\/\/feelingsandbeyond.com\/language\/wp-json\/wp\/v2\/pages\/1795","targetHints":{"allow":["GET"]}}],"collection":[{"href":"https:\/\/feelingsandbeyond.com\/language\/wp-json\/wp\/v2\/pages"}],"about":[{"href":"https:\/\/feelingsandbeyond.com\/language\/wp-json\/wp\/v2\/types\/page"}],"author":[{"embeddable":true,"href":"https:\/\/feelingsandbeyond.com\/language\/wp-json\/wp\/v2\/users\/1"}],"replies":[{"embeddable":true,"href":"https:\/\/feelingsandbeyond.com\/language\/wp-json\/wp\/v2\/comments?post=1795"}],"version-history":[{"count":17,"href":"https:\/\/feelingsandbeyond.com\/language\/wp-json\/wp\/v2\/pages\/1795\/revisions"}],"predecessor-version":[{"id":2789,"href":"https:\/\/feelingsandbeyond.com\/language\/wp-json\/wp\/v2\/pages\/1795\/revisions\/2789"}],"wp:attachment":[{"href":"https:\/\/feelingsandbeyond.com\/language\/wp-json\/wp\/v2\/media?parent=1795"}],"curies":[{"name":"wp","href":"https:\/\/api.w.org\/{rel}","templated":true}]}}