{"id":1748,"date":"2025-11-15T21:18:22","date_gmt":"2025-11-15T21:18:22","guid":{"rendered":"http:\/\/feelingsandbeyond.com\/language\/?page_id=1748"},"modified":"2025-11-26T02:36:48","modified_gmt":"2025-11-26T02:36:48","slug":"servicios-psicoterapia-infantil","status":"publish","type":"page","link":"https:\/\/feelingsandbeyond.com\/language\/servicios-psicoterapia-infantil\/","title":{"rendered":"Servicios &#8211; Psicoterapia Infantil"},"content":{"rendered":"\t\t<div data-elementor-type=\"wp-page\" data-elementor-id=\"1748\" class=\"elementor elementor-1748\">\n\t\t\t\t\t\t<section class=\"elementor-section elementor-top-section elementor-element elementor-element-0076ccb elementor-section-full_width elementor-section-stretched elementor-section-height-min-height elementor-section-height-default elementor-section-items-middle\" data-id=\"0076ccb\" data-element_type=\"section\" data-e-type=\"section\" data-settings=\"{&quot;stretch_section&quot;:&quot;section-stretched&quot;}\">\n\t\t\t\t\t\t<div class=\"elementor-container elementor-column-gap-default\">\n\t\t\t\t\t<div class=\"elementor-column elementor-col-100 elementor-top-column elementor-element elementor-element-9eae351\" data-id=\"9eae351\" data-element_type=\"column\" data-e-type=\"column\">\n\t\t\t<div class=\"elementor-widget-wrap elementor-element-populated\">\n\t\t\t\t\t\t<div class=\"elementor-element elementor-element-5dbe4f8 elementor-widget elementor-widget-themedraft_section_title\" data-id=\"5dbe4f8\" data-element_type=\"widget\" data-e-type=\"widget\" data-widget_type=\"themedraft_section_title.default\">\n\t\t\t\t<div class=\"elementor-widget-container\">\n\t\t\t\t\t\n\t\t<div class=\"td-section-title-wrapper\">\n            <div class=\"td-section-title-content td-secondary-font\">\n                \n                \n                                    <div class=\"td-section-title\">\n                        <h2>Psicoterapia Infantil<\/h2>                    <\/div>\n                                        <div class=\"title-bottom-line\" style=\"background-image: url(https:\/\/feelingsandbeyond.com\/2025webfandb\/wp-content\/uploads\/2025\/11\/line_FandB.png)\"><\/div>\n                                                <\/div>\n\t\t<\/div>\n\t\t\t\t\t\t<\/div>\n\t\t\t\t<\/div>\n\t\t\t\t\t<\/div>\n\t\t<\/div>\n\t\t\t\t\t<\/div>\n\t\t<\/section>\n\t\t\t\t<section class=\"elementor-section elementor-top-section elementor-element elementor-element-cb3a042 elementor-section-boxed elementor-section-height-default elementor-section-height-default\" data-id=\"cb3a042\" data-element_type=\"section\" data-e-type=\"section\">\n\t\t\t\t\t\t<div class=\"elementor-container elementor-column-gap-default\">\n\t\t\t\t\t<div class=\"elementor-column elementor-col-100 elementor-top-column elementor-element elementor-element-43f9001\" data-id=\"43f9001\" data-element_type=\"column\" data-e-type=\"column\">\n\t\t\t<div class=\"elementor-widget-wrap elementor-element-populated\">\n\t\t\t\t\t\t<div class=\"elementor-element elementor-element-d0c5dcd elementor-hidden-desktop elementor-hidden-tablet elementor-hidden-mobile elementor-widget elementor-widget-heading\" data-id=\"d0c5dcd\" data-element_type=\"widget\" data-e-type=\"widget\" data-widget_type=\"heading.default\">\n\t\t\t\t\t<h2 class=\"elementor-heading-title elementor-size-default\">Psicoterapia Infantil<\/h2>\t\t\t\t<\/div>\n\t\t<div class=\"elementor-element elementor-element-ff1d65b e-flex e-con-boxed e-con e-parent\" data-id=\"ff1d65b\" data-element_type=\"container\" data-e-type=\"container\">\n\t\t\t\t\t<div class=\"e-con-inner\">\n\t\t<div class=\"elementor-element elementor-element-f1df846 e-grid e-con-full e-con e-child\" data-id=\"f1df846\" data-element_type=\"container\" data-e-type=\"container\">\n\t\t<div class=\"elementor-element elementor-element-6969408 e-con-full e-flex e-con e-child\" data-id=\"6969408\" data-element_type=\"container\" data-e-type=\"container\">\n\t\t\t\t<div class=\"elementor-element elementor-element-f937606 elementor-widget elementor-widget-image\" data-id=\"f937606\" data-element_type=\"widget\" data-e-type=\"widget\" data-widget_type=\"image.default\">\n\t\t\t\t\t\t\t\t\t\t\t\t\t\t\t<img fetchpriority=\"high\" decoding=\"async\" width=\"850\" height=\"567\" src=\"https:\/\/feelingsandbeyond.com\/language\/wp-content\/uploads\/2025\/11\/servicios_terapia_para_ninos-min.jpg\" class=\"attachment-large size-large wp-image-1757\" alt=\"\" srcset=\"https:\/\/feelingsandbeyond.com\/language\/wp-content\/uploads\/2025\/11\/servicios_terapia_para_ninos-min.jpg 850w, https:\/\/feelingsandbeyond.com\/language\/wp-content\/uploads\/2025\/11\/servicios_terapia_para_ninos-min-300x200.jpg 300w, https:\/\/feelingsandbeyond.com\/language\/wp-content\/uploads\/2025\/11\/servicios_terapia_para_ninos-min-768x512.jpg 768w, https:\/\/feelingsandbeyond.com\/language\/wp-content\/uploads\/2025\/11\/servicios_terapia_para_ninos-min-600x400.jpg 600w\" sizes=\"(max-width: 850px) 100vw, 850px\" \/>\t\t\t\t\t\t\t\t\t\t\t\t\t\t\t<\/div>\n\t\t\t\t<\/div>\n\t\t\t\t<div class=\"elementor-element elementor-element-4833766 elementor-widget elementor-widget-themedraft_title_with_text\" data-id=\"4833766\" data-element_type=\"widget\" data-e-type=\"widget\" data-widget_type=\"themedraft_title_with_text.default\">\n\t\t\t\t<div class=\"elementor-widget-container\">\n\t\t\t\t\t\n\t\t<div class=\"td-title-with-text-wrapper\">\n                    <div class=\"desc\">\n                <p>La infancia es una etapa en la que los ni\u00f1os expresan lo que sienten principalmente a trav\u00e9s del juego. Por eso, en Feelings and Beyond utilizamos la Terapia de Juego como nuestra principal herramienta terap\u00e9utica.<\/p>            <\/div>\n\t\t<\/div>\n\n\t\t\t\t\t\t<\/div>\n\t\t\t\t<\/div>\n\t\t\t\t<\/div>\n\t\t\t\t\t<\/div>\n\t\t\t\t<\/div>\n\t\t\t\t\t<\/div>\n\t\t<\/div>\n\t\t\t\t\t<\/div>\n\t\t<\/section>\n\t\t\t\t<section class=\"elementor-section elementor-top-section elementor-element elementor-element-57fb02d elementor-section-boxed elementor-section-height-default elementor-section-height-default\" data-id=\"57fb02d\" data-element_type=\"section\" data-e-type=\"section\">\n\t\t\t\t\t\t<div class=\"elementor-container elementor-column-gap-default\">\n\t\t\t\t\t<div class=\"elementor-column elementor-col-100 elementor-top-column elementor-element elementor-element-bb351a5\" data-id=\"bb351a5\" data-element_type=\"column\" data-e-type=\"column\">\n\t\t\t<div class=\"elementor-widget-wrap elementor-element-populated\">\n\t\t\t\t\t\t<div class=\"elementor-element elementor-element-b74646b elementor-widget elementor-widget-themedraft_title_with_text\" data-id=\"b74646b\" data-element_type=\"widget\" data-e-type=\"widget\" data-widget_type=\"themedraft_title_with_text.default\">\n\t\t\t\t<div class=\"elementor-widget-container\">\n\t\t\t\t\t\n\t\t<div class=\"td-title-with-text-wrapper\">\n        \t\t\t<h4 class=\"title\">\u00bfPara qui\u00e9n es la Terapia de Juego?<\/h4>\n                        <div class=\"desc\">\n                <p>Este enfoque es ideal para ni\u00f1os que est\u00e1n enfrentando desaf\u00edos emocionales, conductuales o situaciones familiares dif\u00edciles.<\/p><p>Se\u00f1ales comunes:<\/p>            <\/div>\n\t\t<\/div>\n\n\t\t\t\t\t\t<\/div>\n\t\t\t\t<\/div>\n\t\t\t\t\t<\/div>\n\t\t<\/div>\n\t\t\t\t\t<\/div>\n\t\t<\/section>\n\t\t\t\t<section class=\"elementor-section elementor-top-section elementor-element elementor-element-e0699b8 elementor-section-boxed elementor-section-height-default elementor-section-height-default\" data-id=\"e0699b8\" data-element_type=\"section\" data-e-type=\"section\">\n\t\t\t\t\t\t<div class=\"elementor-container elementor-column-gap-default\">\n\t\t\t\t\t<div class=\"elementor-column elementor-col-50 elementor-top-column elementor-element elementor-element-b00b528\" data-id=\"b00b528\" data-element_type=\"column\" data-e-type=\"column\">\n\t\t\t<div class=\"elementor-widget-wrap elementor-element-populated\">\n\t\t\t\t\t\t<div class=\"elementor-element elementor-element-80f7d1a elementor-widget elementor-widget-themedraft_text\" data-id=\"80f7d1a\" data-element_type=\"widget\" data-e-type=\"widget\" data-widget_type=\"themedraft_text.default\">\n\t\t\t\t<div class=\"elementor-widget-container\">\n\t\t\t\t\t\n\t\t<div class=\"td-text-wrapper\">\n\t\t\t<ul><li>Ansiedad o miedos.<\/li><li>Pesadillas o terrores nocturnos.<\/li><li>Frustraci\u00f3n o berrinches frecuentes.<\/li><li>Duelo o separaci\u00f3n de los padres.<\/li><\/ul>\n            \t\t<\/div>\n\n\t\t\t\t\t\t<\/div>\n\t\t\t\t<\/div>\n\t\t\t\t\t<\/div>\n\t\t<\/div>\n\t\t\t\t<div class=\"elementor-column elementor-col-50 elementor-top-column elementor-element elementor-element-4ad176f\" data-id=\"4ad176f\" data-element_type=\"column\" data-e-type=\"column\">\n\t\t\t<div class=\"elementor-widget-wrap elementor-element-populated\">\n\t\t\t\t\t\t<div class=\"elementor-element elementor-element-8139e49 elementor-widget elementor-widget-themedraft_text\" data-id=\"8139e49\" data-element_type=\"widget\" data-e-type=\"widget\" data-widget_type=\"themedraft_text.default\">\n\t\t\t\t<div class=\"elementor-widget-container\">\n\t\t\t\t\t\n\t\t<div class=\"td-text-wrapper\">\n\t\t\t<ul><li>Cambios de colegio o adaptaciones dif\u00edciles.<\/li><li>Inseguridad, timidez.<\/li><li>Problemas de baja autoestima.<\/li><\/ul>\n            \t\t<\/div>\n\n\t\t\t\t\t\t<\/div>\n\t\t\t\t<\/div>\n\t\t\t\t\t<\/div>\n\t\t<\/div>\n\t\t\t\t\t<\/div>\n\t\t<\/section>\n\t\t\t\t<section class=\"elementor-section elementor-top-section elementor-element elementor-element-5bda8e6 elementor-section-boxed elementor-section-height-default elementor-section-height-default\" data-id=\"5bda8e6\" data-element_type=\"section\" data-e-type=\"section\">\n\t\t\t\t\t\t<div class=\"elementor-container elementor-column-gap-default\">\n\t\t\t\t\t<div class=\"elementor-column elementor-col-100 elementor-top-column elementor-element elementor-element-fc4e053\" data-id=\"fc4e053\" data-element_type=\"column\" data-e-type=\"column\">\n\t\t\t<div class=\"elementor-widget-wrap elementor-element-populated\">\n\t\t\t\t\t\t<div class=\"elementor-element elementor-element-9576306 elementor-widget elementor-widget-themedraft_title_with_text\" data-id=\"9576306\" data-element_type=\"widget\" data-e-type=\"widget\" data-widget_type=\"themedraft_title_with_text.default\">\n\t\t\t\t<div class=\"elementor-widget-container\">\n\t\t\t\t\t\n\t\t<div class=\"td-title-with-text-wrapper\">\n        \t\t\t<h4 class=\"title\">Nuestra Psicoterapia infantil se basa en tres pilares: <\/h4>\n                        <div class=\"desc\">\n                            <\/div>\n\t\t<\/div>\n\n\t\t\t\t\t\t<\/div>\n\t\t\t\t<\/div>\n\t\t\t\t\t<\/div>\n\t\t<\/div>\n\t\t\t\t\t<\/div>\n\t\t<\/section>\n\t\t<div class=\"elementor-element elementor-element-3f5e0b2 e-flex e-con-boxed e-con e-parent\" data-id=\"3f5e0b2\" data-element_type=\"container\" data-e-type=\"container\">\n\t\t\t\t\t<div class=\"e-con-inner\">\n\t\t<div class=\"elementor-element elementor-element-91052d3 e-grid e-con-full e-con e-child\" data-id=\"91052d3\" data-element_type=\"container\" data-e-type=\"container\">\n\t\t\t\t<div class=\"elementor-element elementor-element-08c0c68 elementor-view-default elementor-position-block-start elementor-mobile-position-block-start elementor-widget elementor-widget-icon-box\" data-id=\"08c0c68\" data-element_type=\"widget\" data-e-type=\"widget\" data-widget_type=\"icon-box.default\">\n\t\t\t\t\t\t\t<div class=\"elementor-icon-box-wrapper\">\n\n\t\t\t\t\t\t<div class=\"elementor-icon-box-icon\">\n\t\t\t\t<span  class=\"elementor-icon\">\n\t\t\t\t<svg aria-hidden=\"true\" class=\"e-font-icon-svg e-fas-star\" viewBox=\"0 0 576 512\" xmlns=\"http:\/\/www.w3.org\/2000\/svg\"><path d=\"M259.3 17.8L194 150.2 47.9 171.5c-26.2 3.8-36.7 36.1-17.7 54.6l105.7 103-25 145.5c-4.5 26.3 23.2 46 46.4 33.7L288 439.6l130.7 68.7c23.2 12.2 50.9-7.4 46.4-33.7l-25-145.5 105.7-103c19-18.5 8.5-50.8-17.7-54.6L382 150.2 316.7 17.8c-11.7-23.6-45.6-23.9-57.4 0z\"><\/path><\/svg>\t\t\t\t<\/span>\n\t\t\t<\/div>\n\t\t\t\n\t\t\t\t\t\t<div class=\"elementor-icon-box-content\">\n\n\t\t\t\t\t\t\t\t\t<h3 class=\"elementor-icon-box-title\">\n\t\t\t\t\t\t<span  >\n\t\t\t\t\t\t\t1.\tConexi\u00f3n emocional\t\t\t\t\t\t<\/span>\n\t\t\t\t\t<\/h3>\n\t\t\t\t\n\t\t\t\t\t\t\t\t\t<p class=\"elementor-icon-box-description\">\n\t\t\t\t\t\tEl v\u00ednculo entre terapeuta, ni\u00f1o y familia.\t\t\t\t\t<\/p>\n\t\t\t\t\n\t\t\t<\/div>\n\t\t\t\n\t\t<\/div>\n\t\t\t\t\t\t<\/div>\n\t\t\t\t<div class=\"elementor-element elementor-element-d76f694 elementor-view-default elementor-position-block-start elementor-mobile-position-block-start elementor-widget elementor-widget-icon-box\" data-id=\"d76f694\" data-element_type=\"widget\" data-e-type=\"widget\" data-widget_type=\"icon-box.default\">\n\t\t\t\t\t\t\t<div class=\"elementor-icon-box-wrapper\">\n\n\t\t\t\t\t\t<div class=\"elementor-icon-box-icon\">\n\t\t\t\t<span  class=\"elementor-icon\">\n\t\t\t\t<svg aria-hidden=\"true\" class=\"e-font-icon-svg e-fas-star\" viewBox=\"0 0 576 512\" xmlns=\"http:\/\/www.w3.org\/2000\/svg\"><path d=\"M259.3 17.8L194 150.2 47.9 171.5c-26.2 3.8-36.7 36.1-17.7 54.6l105.7 103-25 145.5c-4.5 26.3 23.2 46 46.4 33.7L288 439.6l130.7 68.7c23.2 12.2 50.9-7.4 46.4-33.7l-25-145.5 105.7-103c19-18.5 8.5-50.8-17.7-54.6L382 150.2 316.7 17.8c-11.7-23.6-45.6-23.9-57.4 0z\"><\/path><\/svg>\t\t\t\t<\/span>\n\t\t\t<\/div>\n\t\t\t\n\t\t\t\t\t\t<div class=\"elementor-icon-box-content\">\n\n\t\t\t\t\t\t\t\t\t<h3 class=\"elementor-icon-box-title\">\n\t\t\t\t\t\t<span  >\n\t\t\t\t\t\t\t2.\tCiencia y evidencia cl\u00ednica\t\t\t\t\t\t<\/span>\n\t\t\t\t\t<\/h3>\n\t\t\t\t\n\t\t\t\t\t\t\t\t\t<p class=\"elementor-icon-box-description\">\n\t\t\t\t\t\tRespaldo de la neurociencia aplicada al desarrollo infantil.\t\t\t\t\t<\/p>\n\t\t\t\t\n\t\t\t<\/div>\n\t\t\t\n\t\t<\/div>\n\t\t\t\t\t\t<\/div>\n\t\t\t\t<div class=\"elementor-element elementor-element-72bedfd elementor-view-default elementor-position-block-start elementor-mobile-position-block-start elementor-widget elementor-widget-icon-box\" data-id=\"72bedfd\" data-element_type=\"widget\" data-e-type=\"widget\" data-widget_type=\"icon-box.default\">\n\t\t\t\t\t\t\t<div class=\"elementor-icon-box-wrapper\">\n\n\t\t\t\t\t\t<div class=\"elementor-icon-box-icon\">\n\t\t\t\t<span  class=\"elementor-icon\">\n\t\t\t\t<svg aria-hidden=\"true\" class=\"e-font-icon-svg e-fas-star\" viewBox=\"0 0 576 512\" xmlns=\"http:\/\/www.w3.org\/2000\/svg\"><path d=\"M259.3 17.8L194 150.2 47.9 171.5c-26.2 3.8-36.7 36.1-17.7 54.6l105.7 103-25 145.5c-4.5 26.3 23.2 46 46.4 33.7L288 439.6l130.7 68.7c23.2 12.2 50.9-7.4 46.4-33.7l-25-145.5 105.7-103c19-18.5 8.5-50.8-17.7-54.6L382 150.2 316.7 17.8c-11.7-23.6-45.6-23.9-57.4 0z\"><\/path><\/svg>\t\t\t\t<\/span>\n\t\t\t<\/div>\n\t\t\t\n\t\t\t\t\t\t<div class=\"elementor-icon-box-content\">\n\n\t\t\t\t\t\t\t\t\t<h3 class=\"elementor-icon-box-title\">\n\t\t\t\t\t\t<span  >\n\t\t\t\t\t\t\t3.\tParticipaci\u00f3n de los padres\t\t\t\t\t\t<\/span>\n\t\t\t\t\t<\/h3>\n\t\t\t\t\n\t\t\t\t\t\t\t\t\t<p class=\"elementor-icon-box-description\">\n\t\t\t\t\t\tAcompa\u00f1amiento constante con estrategias para el hogar.\t\t\t\t\t<\/p>\n\t\t\t\t\n\t\t\t<\/div>\n\t\t\t\n\t\t<\/div>\n\t\t\t\t\t\t<\/div>\n\t\t\t\t<\/div>\n\t\t\t\t\t<\/div>\n\t\t\t\t<\/div>\n\t\t\t\t<section class=\"elementor-section elementor-top-section elementor-element elementor-element-2e45d00 elementor-section-boxed elementor-section-height-default elementor-section-height-default\" data-id=\"2e45d00\" data-element_type=\"section\" data-e-type=\"section\">\n\t\t\t\t\t\t<div class=\"elementor-container elementor-column-gap-default\">\n\t\t\t\t\t<div class=\"elementor-column elementor-col-100 elementor-top-column elementor-element elementor-element-6374bce\" data-id=\"6374bce\" data-element_type=\"column\" data-e-type=\"column\">\n\t\t\t<div class=\"elementor-widget-wrap elementor-element-populated\">\n\t\t\t\t\t\t<div class=\"elementor-element elementor-element-474ecc1 elementor-widget elementor-widget-themedraft_title_with_text\" data-id=\"474ecc1\" data-element_type=\"widget\" data-e-type=\"widget\" data-widget_type=\"themedraft_title_with_text.default\">\n\t\t\t\t<div class=\"elementor-widget-container\">\n\t\t\t\t\t\n\t\t<div class=\"td-title-with-text-wrapper\">\n                    <div class=\"desc\">\n                <p style=\"text-align: center;\">Gracias a este proceso, los ni\u00f1os aprenden a regular sus emociones, resolver conflictos y sentirse m\u00e1s seguros de s\u00ed mismos, mejorando su comportamiento y su bienestar general.<\/p>            <\/div>\n\t\t<\/div>\n\n\t\t\t\t\t\t<\/div>\n\t\t\t\t<\/div>\n\t\t\t\t<div class=\"elementor-element elementor-element-e6b8618 elementor-widget elementor-widget-heading\" data-id=\"e6b8618\" data-element_type=\"widget\" data-e-type=\"widget\" data-widget_type=\"heading.default\">\n\t\t\t\t\t<h4 class=\"elementor-heading-title elementor-size-default\"><span style=\"color:#000000\">\u201cEl juego es el lenguaje del ni\u00f1o, y los juguetes son sus palabras\u201d Garry Landreth..<\/span> <\/h4>\t\t\t\t<\/div>\n\t\t\t\t\t<\/div>\n\t\t<\/div>\n\t\t\t\t\t<\/div>\n\t\t<\/section>\n\t\t\t\t<section class=\"elementor-section elementor-top-section elementor-element elementor-element-5552ea0 elementor-section-boxed elementor-section-height-default elementor-section-height-default\" data-id=\"5552ea0\" data-element_type=\"section\" data-e-type=\"section\">\n\t\t\t\t\t\t<div class=\"elementor-container elementor-column-gap-default\">\n\t\t\t\t\t<div class=\"elementor-column elementor-col-100 elementor-top-column elementor-element elementor-element-6177a62\" data-id=\"6177a62\" data-element_type=\"column\" data-e-type=\"column\">\n\t\t\t<div class=\"elementor-widget-wrap elementor-element-populated\">\n\t\t\t\t\t\t<div class=\"elementor-element elementor-element-77a7359 elementor-widget elementor-widget-heading\" data-id=\"77a7359\" data-element_type=\"widget\" data-e-type=\"widget\" data-widget_type=\"heading.default\">\n\t\t\t\t\t<h4 class=\"elementor-heading-title elementor-size-default\">Beneficios de la Terapia de Juego:<\/h4>\t\t\t\t<\/div>\n\t\t\t\t\t<\/div>\n\t\t<\/div>\n\t\t\t\t\t<\/div>\n\t\t<\/section>\n\t\t\t\t<section class=\"elementor-section elementor-top-section elementor-element elementor-element-69c2dc9 elementor-section-boxed elementor-section-height-default elementor-section-height-default\" data-id=\"69c2dc9\" data-element_type=\"section\" data-e-type=\"section\">\n\t\t\t\t\t\t<div class=\"elementor-container elementor-column-gap-default\">\n\t\t\t\t\t<div class=\"elementor-column elementor-col-50 elementor-top-column elementor-element elementor-element-37a1b26\" data-id=\"37a1b26\" data-element_type=\"column\" data-e-type=\"column\">\n\t\t\t<div class=\"elementor-widget-wrap elementor-element-populated\">\n\t\t\t\t\t\t<div class=\"elementor-element elementor-element-6e888e6 elementor-widget elementor-widget-themedraft_text\" data-id=\"6e888e6\" data-element_type=\"widget\" data-e-type=\"widget\" data-widget_type=\"themedraft_text.default\">\n\t\t\t\t<div class=\"elementor-widget-container\">\n\t\t\t\t\t\n\t\t<div class=\"td-text-wrapper\">\n\t\t\t<ul><li>Mejora la autorregulaci\u00f3n emocional y la gesti\u00f3n de la frustraci\u00f3n.<\/li><li>Reduce la ansiedad y el estr\u00e9s en ni\u00f1os.<\/li><li>Favorece la adaptaci\u00f3n escolar y social.<\/li><li>Fortalece la autoestima y la confianza.<\/li><\/ul>\n            \t\t<\/div>\n\n\t\t\t\t\t\t<\/div>\n\t\t\t\t<\/div>\n\t\t\t\t\t<\/div>\n\t\t<\/div>\n\t\t\t\t<div class=\"elementor-column elementor-col-50 elementor-top-column elementor-element elementor-element-5056e01\" data-id=\"5056e01\" data-element_type=\"column\" data-e-type=\"column\">\n\t\t\t<div class=\"elementor-widget-wrap elementor-element-populated\">\n\t\t\t\t\t\t<div class=\"elementor-element elementor-element-2244d03 elementor-widget elementor-widget-themedraft_text\" data-id=\"2244d03\" data-element_type=\"widget\" data-e-type=\"widget\" data-widget_type=\"themedraft_text.default\">\n\t\t\t\t<div class=\"elementor-widget-container\">\n\t\t\t\t\t\n\t\t<div class=\"td-text-wrapper\">\n\t\t\t<ul><li>Desarrolla inteligencia emocional, empat\u00eda y habilidades de comunicaci\u00f3n.<\/li><li>Promueve relaciones familiares m\u00e1s afectivas y estables, entre otros.<\/li><\/ul>\n            \t\t<\/div>\n\n\t\t\t\t\t\t<\/div>\n\t\t\t\t<\/div>\n\t\t\t\t\t<\/div>\n\t\t<\/div>\n\t\t\t\t\t<\/div>\n\t\t<\/section>\n\t\t\t\t<\/div>\n\t\t","protected":false},"excerpt":{"rendered":"<p>Psicoterapia Infantil Psicoterapia Infantil La infancia es una etapa en la que los ni\u00f1os expresan lo que sienten principalmente a trav\u00e9s del juego. Por eso, en Feelings and Beyond utilizamos la Terapia de Juego como nuestra principal herramienta terap\u00e9utica. \u00bfPara qui\u00e9n es la Terapia de Juego? Este enfoque es ideal para ni\u00f1os que est\u00e1n enfrentando [&hellip;]<\/p>\n","protected":false},"author":1,"featured_media":0,"parent":0,"menu_order":0,"comment_status":"closed","ping_status":"closed","template":"","meta":{"_joinchat":[],"footnotes":""},"class_list":["post-1748","page","type-page","status-publish","hentry"],"_links":{"self":[{"href":"https:\/\/feelingsandbeyond.com\/language\/wp-json\/wp\/v2\/pages\/1748","targetHints":{"allow":["GET"]}}],"collection":[{"href":"https:\/\/feelingsandbeyond.com\/language\/wp-json\/wp\/v2\/pages"}],"about":[{"href":"https:\/\/feelingsandbeyond.com\/language\/wp-json\/wp\/v2\/types\/page"}],"author":[{"embeddable":true,"href":"https:\/\/feelingsandbeyond.com\/language\/wp-json\/wp\/v2\/users\/1"}],"replies":[{"embeddable":true,"href":"https:\/\/feelingsandbeyond.com\/language\/wp-json\/wp\/v2\/comments?post=1748"}],"version-history":[{"count":53,"href":"https:\/\/feelingsandbeyond.com\/language\/wp-json\/wp\/v2\/pages\/1748\/revisions"}],"predecessor-version":[{"id":2786,"href":"https:\/\/feelingsandbeyond.com\/language\/wp-json\/wp\/v2\/pages\/1748\/revisions\/2786"}],"wp:attachment":[{"href":"https:\/\/feelingsandbeyond.com\/language\/wp-json\/wp\/v2\/media?parent=1748"}],"curies":[{"name":"wp","href":"https:\/\/api.w.org\/{rel}","templated":true}]}}