{"id":1667,"date":"2025-11-15T03:57:38","date_gmt":"2025-11-15T03:57:38","guid":{"rendered":"http:\/\/feelingsandbeyond.com\/language\/?page_id=1667"},"modified":"2026-01-29T18:55:37","modified_gmt":"2026-01-29T18:55:37","slug":"nuestro-equipo","status":"publish","type":"page","link":"https:\/\/feelingsandbeyond.com\/language\/nuestro-equipo\/","title":{"rendered":"Nuestro Equipo"},"content":{"rendered":"\t\t<div data-elementor-type=\"wp-page\" data-elementor-id=\"1667\" class=\"elementor elementor-1667\">\n\t\t\t\t\t\t<section class=\"elementor-section elementor-top-section elementor-element elementor-element-74cecfd elementor-section-full_width elementor-section-stretched elementor-section-height-default elementor-section-height-default\" data-id=\"74cecfd\" data-element_type=\"section\" data-e-type=\"section\" data-settings=\"{&quot;stretch_section&quot;:&quot;section-stretched&quot;}\">\n\t\t\t\t\t\t<div class=\"elementor-container elementor-column-gap-default\">\n\t\t\t\t\t<div class=\"elementor-column elementor-col-100 elementor-top-column elementor-element elementor-element-f6f615f\" data-id=\"f6f615f\" data-element_type=\"column\" data-e-type=\"column\">\n\t\t\t<div class=\"elementor-widget-wrap elementor-element-populated\">\n\t\t\t\t\t\t<div class=\"elementor-element elementor-element-98e4643 elementor-widget elementor-widget-themedraft_section_title\" data-id=\"98e4643\" data-element_type=\"widget\" data-e-type=\"widget\" data-widget_type=\"themedraft_section_title.default\">\n\t\t\t\t<div class=\"elementor-widget-container\">\n\t\t\t\t\t\n\t\t<div class=\"td-section-title-wrapper\">\n            <div class=\"td-section-title-content td-secondary-font\">\n                \n                                    <div class=\"td-section-subtitle td-primary-color\">\n                        Conoce a nuestros terapeutas                    <\/div>\n                \n                                    <div class=\"td-section-title\">\n                        <h2>Nuestro Equipo<\/h2>                    <\/div>\n                                        <div class=\"title-bottom-line\" style=\"background-image: url(https:\/\/feelingsandbeyond.com\/2025webfandb\/wp-content\/uploads\/2025\/11\/line_FandB.png)\"><\/div>\n                                                <\/div>\n\t\t<\/div>\n\t\t\t\t\t\t<\/div>\n\t\t\t\t<\/div>\n\t\t\t\t<div class=\"elementor-element elementor-element-b7f4af6 elementor-widget elementor-widget-themedraft_team_member_one\" data-id=\"b7f4af6\" data-element_type=\"widget\" data-e-type=\"widget\" data-widget_type=\"themedraft_team_member_one.default\">\n\t\t\t\t<div class=\"elementor-widget-container\">\n\t\t\t\t\t\n        <div class=\"td-team-one-wrapper\">\n            <div class=\"container\">\n                <div id=\"team-one-wrapper-546\" class=\"row\">\n\t\t\t\t\t\n                                <div class=\"col-12\">\n                                    <div class=\"td-single-team-member\">\n                                        <div class=\"member-image-wrapper\">\n\t\t\t\t\t\t\t\t\t\t\t                                            <a class=\"td-member-details-url\" href=\"https:\/\/feelingsandbeyond.com\/language\/team\/erika-angulo\/\">\n                                                <div class=\"td-member-btn-text\"><span>Explora  m\u00e1s<\/span><\/div>\n                                                                                            <div class=\"member-image\">\n                                                    <img decoding=\"async\" src=\"http:\/\/feelingsandbeyond.com\/language\/wp-content\/uploads\/2025\/12\/equipo_ErikaAngulo-min.jpg\" alt=\"\" title=\"equipo_ErikaAngulo-min\">\n                                                <\/div>\n                                                                                        <\/a>\n\t\t\t\t\t\t\t\t\t\t                                            <\/div>\n\n                                        <div class=\"td-member-content\">\n\t\t\t\t\t\t\t\t\t\t\t                                            <a href=\"https:\/\/feelingsandbeyond.com\/language\/team\/erika-angulo\/\">\n\t\t\t\t\t\t\t\t\t\t\t\t                                                <h3 class=\"td-member-name\"><span style=\"font-size:15px;\">ERIKA ANGULO, LMHC, Certified SPT<\/span><\/h3>\n\t\t\t\t\t\t\t\t\t\t\t\t                                            <\/a>\n\t\t\t\t\t\t\t\t\t\t                                                <span class=\"td-member-designation td-secondary-font\">Founder and Clinical Director<\/span>\n                                        <\/div>\n                                    <\/div>\n                                <\/div>\n\t\t\t\t\t\t\t\n                                <div class=\"col-12\">\n                                    <div class=\"td-single-team-member\">\n                                        <div class=\"member-image-wrapper\">\n\t\t\t\t\t\t\t\t\t\t\t                                            <a class=\"td-member-details-url\" href=\"https:\/\/feelingsandbeyond.com\/language\/team\/nicole-rivero\/\">\n                                                <div class=\"td-member-btn-text\"><span>Explora  m\u00e1s<\/span><\/div>\n                                                                                            <div class=\"member-image\">\n                                                    <img decoding=\"async\" src=\"http:\/\/feelingsandbeyond.com\/language\/wp-content\/uploads\/2025\/11\/equipo_NicoleRivero-min.jpg\" alt=\"\" title=\"equipo_NicoleRivero-min\">\n                                                <\/div>\n                                                                                        <\/a>\n\t\t\t\t\t\t\t\t\t\t                                            <\/div>\n\n                                        <div class=\"td-member-content\">\n\t\t\t\t\t\t\t\t\t\t\t                                            <a href=\"https:\/\/feelingsandbeyond.com\/language\/team\/nicole-rivero\/\">\n\t\t\t\t\t\t\t\t\t\t\t\t                                                <h3 class=\"td-member-name\"><span style=\"font-size:15px;\">NICOLE RIVERO, LMHC, ATR<\/span><\/h3>\n\t\t\t\t\t\t\t\t\t\t\t\t                                            <\/a>\n\t\t\t\t\t\t\t\t\t\t                                                <span class=\"td-member-designation td-secondary-font\"> Mental Health Therapist <br> Clinical Team<\/span>\n                                        <\/div>\n                                    <\/div>\n                                <\/div>\n\t\t\t\t\t\t\t\n                                <div class=\"col-12\">\n                                    <div class=\"td-single-team-member\">\n                                        <div class=\"member-image-wrapper\">\n\t\t\t\t\t\t\t\t\t\t\t                                            <a class=\"td-member-details-url\" href=\"https:\/\/feelingsandbeyond.com\/language\/team\/suzel-ramos\/\">\n                                                <div class=\"td-member-btn-text\"><span>Explora  m\u00e1s<\/span><\/div>\n                                                                                            <div class=\"member-image\">\n                                                    <img decoding=\"async\" src=\"http:\/\/feelingsandbeyond.com\/language\/wp-content\/uploads\/2025\/11\/equipo_SuzelRamos-min.jpg\" alt=\"\" title=\"equipo_SuzelRamos-min\">\n                                                <\/div>\n                                                                                        <\/a>\n\t\t\t\t\t\t\t\t\t\t                                            <\/div>\n\n                                        <div class=\"td-member-content\">\n\t\t\t\t\t\t\t\t\t\t\t                                            <a href=\"https:\/\/feelingsandbeyond.com\/language\/team\/suzel-ramos\/\">\n\t\t\t\t\t\t\t\t\t\t\t\t                                                <h3 class=\"td-member-name\"><span style=\"font-size:15px;\">SUZEL RAMOS, RMFT Intern<\/span><\/h3>\n\t\t\t\t\t\t\t\t\t\t\t\t                                            <\/a>\n\t\t\t\t\t\t\t\t\t\t                                                <span class=\"td-member-designation td-secondary-font\">Mental Health Therapist (Intern) <br>Clinical Team<\/span>\n                                        <\/div>\n                                    <\/div>\n                                <\/div>\n\t\t\t\t\t\t\t\n                                <div class=\"col-12\">\n                                    <div class=\"td-single-team-member\">\n                                        <div class=\"member-image-wrapper\">\n\t\t\t\t\t\t\t\t\t\t\t                                            <a class=\"td-member-details-url\" href=\"https:\/\/feelingsandbeyond.com\/language\/team\/karina-rondon\/\">\n                                                <div class=\"td-member-btn-text\"><span>Explora  m\u00e1s<\/span><\/div>\n                                                                                            <div class=\"member-image\">\n                                                    <img decoding=\"async\" src=\"http:\/\/feelingsandbeyond.com\/language\/wp-content\/uploads\/2025\/11\/equipo_KarinaRondon-min.jpg\" alt=\"\" title=\"equipo_KarinaRondon-min\">\n                                                <\/div>\n                                                                                        <\/a>\n\t\t\t\t\t\t\t\t\t\t                                            <\/div>\n\n                                        <div class=\"td-member-content\">\n\t\t\t\t\t\t\t\t\t\t\t                                            <a href=\"https:\/\/feelingsandbeyond.com\/language\/team\/karina-rondon\/\">\n\t\t\t\t\t\t\t\t\t\t\t\t                                                <h3 class=\"td-member-name\"><span style=\"font-size:15px;\">KARINA RONDON<\/span><\/h3>\n\t\t\t\t\t\t\t\t\t\t\t\t                                            <\/a>\n\t\t\t\t\t\t\t\t\t\t                                                <span class=\"td-member-designation td-secondary-font\">Administrative Coordinator<\/span>\n                                        <\/div>\n                                    <\/div>\n                                <\/div>\n\t\t\t\t\t\t\t                <\/div>\n            <\/div>\n        <\/div>\n\n\t\t            <script>\n                (function ($) {\n                    \"use strict\";\n                    $(document).ready(function () {\n                        $(\"#team-one-wrapper-546\").slick({\n                            slidesToShow: 3,\n                            autoplay: true,\n                            autoplaySpeed: \"4000\", \/\/interval\n                            speed: 1500, \/\/ slide speed\n                            dots: false,\n                            arrows: true,\n                            prevArrow: '<i class=\"slick-arrow slick-prev flaticon-long-left-arrow\"><\/i>',\n                            nextArrow: '<i class=\"slick-arrow slick-next flaticon-long-right-arrow\"><\/i>',\n                            infinite:  true,\n                            pauseOnHover: false,\n                            centerMode: false,\n                            rows: 1,\n                            responsive: [\n                                {\n                                    breakpoint: 1025,\n                                    settings: {\n                                        slidesToShow: 3, \/\/ 992-1024\n                                        arrows: false,\n                                    }\n                                },\n                                {\n                                    breakpoint: 992,\n                                    settings: {\n                                        slidesToShow: 3, \/\/768-991\n                                        arrows: false,\n                                    }\n                                },\n                                {\n                                    breakpoint: 768,\n                                    settings: {\n                                        slidesToShow: 1, \/\/ 0 -767\n                                        arrows: false,\n                                    }\n                                }\n                            ]\n                        });\n                    });\n                })(jQuery);\n            <\/script>\n\t\t\n\n\n\n\n\n\n\n\n\n\n\n\t\t\t\t\t\t<\/div>\n\t\t\t\t<\/div>\n\t\t\t\t<div class=\"elementor-element elementor-element-b818f3a elementor-widget elementor-widget-themedraft_text\" data-id=\"b818f3a\" data-element_type=\"widget\" data-e-type=\"widget\" data-widget_type=\"themedraft_text.default\">\n\t\t\t\t<div class=\"elementor-widget-container\">\n\t\t\t\t\t\n\t\t<div class=\"td-text-wrapper\">\n\t\t\t<p>En <strong><em>Feelings and Beyond<\/em><\/strong>, creemos que cada dificultad emocional es tambi\u00e9n una oportunidad para fortalecer el v\u00ednculo familiar.<\/p><p>Nuestro equipo de terapeutas especializados en <strong>ni\u00f1os, adolescentes y familias<\/strong> te ofrece acompa\u00f1amiento profesional y humano para <strong>reconstruir la calma, la confianza y la conexi\u00f3n emocional.<\/strong><\/p>\n            \t\t<\/div>\n\n\t\t\t\t\t\t<\/div>\n\t\t\t\t<\/div>\n\t\t\t\t\t<\/div>\n\t\t<\/div>\n\t\t\t\t\t<\/div>\n\t\t<\/section>\n\t\t\t\t<section class=\"elementor-section elementor-top-section elementor-element elementor-element-493230b elementor-section-full_width elementor-section-stretched elementor-section-height-default elementor-section-height-default\" data-id=\"493230b\" data-element_type=\"section\" data-e-type=\"section\" data-settings=\"{&quot;stretch_section&quot;:&quot;section-stretched&quot;}\">\n\t\t\t\t\t\t<div class=\"elementor-container elementor-column-gap-no\">\n\t\t\t\t\t<div class=\"elementor-column elementor-col-100 elementor-top-column elementor-element elementor-element-b8b1c7e\" data-id=\"b8b1c7e\" data-element_type=\"column\" data-e-type=\"column\">\n\t\t\t<div class=\"elementor-widget-wrap elementor-element-populated\">\n\t\t\t\t\t\t<div class=\"elementor-element elementor-element-d4fa764 elementor-widget elementor-widget-themedraft_team_member_one\" data-id=\"d4fa764\" data-element_type=\"widget\" data-e-type=\"widget\" data-widget_type=\"themedraft_team_member_one.default\">\n\t\t\t\t<div class=\"elementor-widget-container\">\n\t\t\t\t\t\n        <div class=\"td-team-one-wrapper\">\n            <div class=\"container\">\n                <div id=\"team-one-wrapper-249\" class=\"row\">\n\t\t\t\t\t                <\/div>\n            <\/div>\n        <\/div>\n\n\t\t\n\n\n\n\n\n\n\n\n\n\n\n\t\t\t\t\t\t<\/div>\n\t\t\t\t<\/div>\n\t\t\t\t<div class=\"elementor-element elementor-element-0eae792 elementor-widget elementor-widget-html\" data-id=\"0eae792\" data-element_type=\"widget\" data-e-type=\"widget\" data-widget_type=\"html.default\">\n\t\t\t\t\t<script>\r\njQuery(document).ready(function($){\r\n    \/\/ Mapa de miembros y sus URLs\r\n    var members = {\r\n        \"SUZEL RAMOS\": \"https:\/\/feelingsandbeyond.com\/language\/nuestro-equipo-suzel-ramos\/\",\r\n        \"ERIKA ANGULO\": \"https:\/\/feelingsandbeyond.com\/language\/nuestro-equipo-erika-angulo\/\",\r\n        \"NICOLE RIVERO\": \"https:\/\/feelingsandbeyond.com\/language\/nuestro-equipo-nicole-rivero\/\",\r\n        \"KARINA RONDON\": \"https:\/\/feelingsandbeyond.com\/language\/nuestro-equipo-karina-rondon\/\"\r\n    };\r\n\r\n    \/\/ Recorremos el mapa y cambiamos las URLs\r\n    $.each(members, function(name, url){\r\n        $('.td-member-name:contains(\"' + name + '\")')\r\n            .closest('.td-single-team-member')\r\n            .find('a.td-member-details-url')\r\n            .attr('href', url);\r\n\r\n        $('.td-member-name:contains(\"' + name + '\")')\r\n            .parent('a')\r\n            .attr('href', url);\r\n    });\r\n});\r\n<\/script>\r\n\r\n\t\t\t\t<\/div>\n\t\t\t\t\t<\/div>\n\t\t<\/div>\n\t\t\t\t\t<\/div>\n\t\t<\/section>\n\t\t\t\t<\/div>\n\t\t","protected":false},"excerpt":{"rendered":"<p>Conoce a nuestros terapeutas Nuestro Equipo Explora m\u00e1s ERIKA ANGULO, LMHC, Certified SPT Founder and Clinical Director Explora m\u00e1s NICOLE RIVERO, LMHC, ATR Mental Health Therapist Clinical Team Explora m\u00e1s SUZEL RAMOS, RMFT Intern Mental Health Therapist (Intern) Clinical Team Explora m\u00e1s KARINA RONDON Administrative Coordinator En Feelings and Beyond, creemos que cada dificultad emocional [&hellip;]<\/p>\n","protected":false},"author":1,"featured_media":0,"parent":0,"menu_order":0,"comment_status":"closed","ping_status":"closed","template":"","meta":{"_joinchat":[],"footnotes":""},"class_list":["post-1667","page","type-page","status-publish","hentry"],"_links":{"self":[{"href":"https:\/\/feelingsandbeyond.com\/language\/wp-json\/wp\/v2\/pages\/1667","targetHints":{"allow":["GET"]}}],"collection":[{"href":"https:\/\/feelingsandbeyond.com\/language\/wp-json\/wp\/v2\/pages"}],"about":[{"href":"https:\/\/feelingsandbeyond.com\/language\/wp-json\/wp\/v2\/types\/page"}],"author":[{"embeddable":true,"href":"https:\/\/feelingsandbeyond.com\/language\/wp-json\/wp\/v2\/users\/1"}],"replies":[{"embeddable":true,"href":"https:\/\/feelingsandbeyond.com\/language\/wp-json\/wp\/v2\/comments?post=1667"}],"version-history":[{"count":40,"href":"https:\/\/feelingsandbeyond.com\/language\/wp-json\/wp\/v2\/pages\/1667\/revisions"}],"predecessor-version":[{"id":4977,"href":"https:\/\/feelingsandbeyond.com\/language\/wp-json\/wp\/v2\/pages\/1667\/revisions\/4977"}],"wp:attachment":[{"href":"https:\/\/feelingsandbeyond.com\/language\/wp-json\/wp\/v2\/media?parent=1667"}],"curies":[{"name":"wp","href":"https:\/\/api.w.org\/{rel}","templated":true}]}}