{"id":1228,"date":"2025-11-09T00:53:03","date_gmt":"2025-11-09T00:53:03","guid":{"rendered":"http:\/\/feelingsandbeyond.com\/language\/?page_id=1228"},"modified":"2025-11-27T05:35:01","modified_gmt":"2025-11-27T05:35:01","slug":"preguntas-frecuentes","status":"publish","type":"page","link":"https:\/\/feelingsandbeyond.com\/language\/preguntas-frecuentes\/","title":{"rendered":"Preguntas Frecuentes"},"content":{"rendered":"\t\t<div data-elementor-type=\"wp-page\" data-elementor-id=\"1228\" class=\"elementor elementor-1228\">\n\t\t\t\t\t\t<section class=\"elementor-section elementor-top-section elementor-element elementor-element-68794fdd elementor-section-stretched elementor-section-boxed elementor-section-height-default elementor-section-height-default\" data-id=\"68794fdd\" data-element_type=\"section\" data-e-type=\"section\" data-settings=\"{&quot;stretch_section&quot;:&quot;section-stretched&quot;}\">\n\t\t\t\t\t\t<div class=\"elementor-container elementor-column-gap-default\">\n\t\t\t\t\t<div class=\"elementor-column elementor-col-100 elementor-top-column elementor-element elementor-element-730d95f8\" data-id=\"730d95f8\" data-element_type=\"column\" data-e-type=\"column\">\n\t\t\t<div class=\"elementor-widget-wrap elementor-element-populated\">\n\t\t\t\t\t\t<div class=\"elementor-element elementor-element-5620ae4 elementor-widget elementor-widget-themedraft_section_title\" data-id=\"5620ae4\" data-element_type=\"widget\" data-e-type=\"widget\" data-widget_type=\"themedraft_section_title.default\">\n\t\t\t\t<div class=\"elementor-widget-container\">\n\t\t\t\t\t\n\t\t<div class=\"td-section-title-wrapper\">\n            <div class=\"td-section-title-content td-secondary-font\">\n                \n                                    <div class=\"td-section-subtitle td-primary-color\">\n                        Recibe respuestas                    <\/div>\n                \n                                    <div class=\"td-section-title\">\n                        <h2>Las preguntas que m\u00e1s respondemos<\/h2>                    <\/div>\n                                        <div class=\"title-bottom-line\" style=\"background-image: url(https:\/\/feelingsandbeyond.com\/2025webfandb\/wp-content\/uploads\/2025\/11\/line_FandB.png)\"><\/div>\n                                                <\/div>\n\t\t<\/div>\n\t\t\t\t\t\t<\/div>\n\t\t\t\t<\/div>\n\t\t\t\t\t<\/div>\n\t\t<\/div>\n\t\t\t\t\t<\/div>\n\t\t<\/section>\n\t\t<div class=\"td-section-image td-section-image-4de76471 elementor-repeater-item-1e649e5\"><\/div>\t\t<section data-td-section-image=\"yes\" class=\"elementor-section elementor-top-section elementor-element elementor-element-4de76471 elementor-section-stretched elementor-section-boxed elementor-section-height-default elementor-section-height-default\" data-id=\"4de76471\" data-element_type=\"section\" data-e-type=\"section\" data-settings=\"{&quot;stretch_section&quot;:&quot;section-stretched&quot;}\">\n\t\t\t\t\t\t<div class=\"elementor-container elementor-column-gap-default\">\n\t\t\t\t\t<div class=\"elementor-column elementor-col-50 elementor-top-column elementor-element elementor-element-1731544b\" data-id=\"1731544b\" data-element_type=\"column\" data-e-type=\"column\">\n\t\t\t<div class=\"elementor-widget-wrap elementor-element-populated\">\n\t\t\t\t\t\t<div class=\"elementor-element elementor-element-299808ea elementor-widget elementor-widget-themeDraft_accordion\" data-id=\"299808ea\" data-element_type=\"widget\" data-e-type=\"widget\" data-widget_type=\"themeDraft_accordion.default\">\n\t\t\t\t<div class=\"elementor-widget-container\">\n\t\t\t\t\t        <div class=\"td-accordion-wrapper td-accordion-wrapper-41242\">\n            <div class=\"accordion\" id=\"td-accordion-41242\">\n\n\t\t\t\t                        <div class=\"accordion-item\">\n                            <h2 class=\"accordion-header\">\n                                <button class=\"accordion-button \" type=\"button\" data-bs-toggle=\"collapse\" data-bs-target=\"#collapse-141242\" aria-expanded=\"true\" aria-controls=\"collapse-141242\">\n\t\t\t\t\t\t\t\t\t1. \u00bfC\u00f3mo s\u00e9 si la terapia es adecuada para mi hijo o para m\u00ed?                                <\/button>\n                            <\/h2>\n\n                            <div id=\"collapse-141242\" class=\"accordion-collapse collapse show\" data-bs-parent=\"#td-accordion-41242\">\n                                <div class=\"accordion-body\">\n\t\t\t\t\t\t\t\t\t<p>Muchos padres buscan apoyo terap\u00e9utico cuando notan que sus hijos presentan miedos intensos (como a dormir solos, a ir al colegio, o a la separaci\u00f3n), ansiedad social, dificultad para manejar la frustraci\u00f3n, rabietas frecuentes, sensibilidad emocional elevada o problemas para adaptarse a los cambios.<\/p><p>En adolescentes y adultos, la terapia puede ser de gran ayuda cuando hay estr\u00e9s constante, sensaci\u00f3n de desconexi\u00f3n, dificultad para poner l\u00edmites, baja autoestima o patrones repetitivos en las relaciones.<\/p><p>En cualquier etapa de la vida, el proceso terap\u00e9utico promueve un crecimiento emocional y mental significativo, fortaleciendo la inteligencia emocional, la autocompasi\u00f3n y la capacidad de regulaci\u00f3n.<\/p>                                <\/div>\n                            <\/div>\n                        <\/div>\n\t\t\t\t\t\t                        <div class=\"accordion-item\">\n                            <h2 class=\"accordion-header\">\n                                <button class=\"accordion-button collapsed\" type=\"button\" data-bs-toggle=\"collapse\" data-bs-target=\"#collapse-241242\" aria-expanded=\"false\" aria-controls=\"collapse-241242\">\n\t\t\t\t\t\t\t\t\t2. \u00bfQu\u00e9 ocurre en la primera sesi\u00f3n?                                <\/button>\n                            <\/h2>\n\n                            <div id=\"collapse-241242\" class=\"accordion-collapse collapse \" data-bs-parent=\"#td-accordion-41242\">\n                                <div class=\"accordion-body\">\n\t\t\t\t\t\t\t\t\t<p>Cuando se trata de menores de 18 a\u00f1os, la primera cita suele realizarse con los padres o cuidadores. En ella, escuchamos las principales preocupaciones, exploramos la historia familiar y definimos juntos las metas terap\u00e9uticas.<\/p><p>Si el paciente es mayor de edad, la primera sesi\u00f3n se realiza directamente con \u00e9l o ella, enfoc\u00e1ndonos en comprender sus desaf\u00edos y objetivos.<\/p><p>\u00a0Esta sesi\u00f3n dura entre 60 y 75 minutos y marca el inicio de un plan de trabajo personalizado.<\/p>                                <\/div>\n                            <\/div>\n                        <\/div>\n\t\t\t\t\t\t                        <div class=\"accordion-item\">\n                            <h2 class=\"accordion-header\">\n                                <button class=\"accordion-button collapsed\" type=\"button\" data-bs-toggle=\"collapse\" data-bs-target=\"#collapse-341242\" aria-expanded=\"false\" aria-controls=\"collapse-341242\">\n\t\t\t\t\t\t\t\t\t3. \u00bfCu\u00e1nto tiempo dura un proceso terap\u00e9utico?                                <\/button>\n                            <\/h2>\n\n                            <div id=\"collapse-341242\" class=\"accordion-collapse collapse \" data-bs-parent=\"#td-accordion-41242\">\n                                <div class=\"accordion-body\">\n\t\t\t\t\t\t\t\t\t<p>Aunque cada persona y familia avanza a su propio ritmo, la mayor\u00eda de los procesos terap\u00e9uticos tienen una duraci\u00f3n aproximada de 3 a 5 meses.<\/p><p>Durante este tiempo, los avances suelen notarse en la forma en que los ni\u00f1os o adultos se relacionan, se regulan emocionalmente y enfrentan los desaf\u00edos del d\u00eda a d\u00eda.<\/p><p>En muchos casos, cuando las familias observan un progreso positivo, deciden continuar el acompa\u00f1amiento para seguir fortaleciendo su bienestar o el desarrollo emocional de sus hijos.<\/p><p>En general, las sesiones se realizan una vez por semana, con una duraci\u00f3n de 50 minutos, aunque la frecuencia puede ajustarse seg\u00fan las necesidades.<\/p>                                <\/div>\n                            <\/div>\n                        <\/div>\n\t\t\t\t\t\t                        <div class=\"accordion-item\">\n                            <h2 class=\"accordion-header\">\n                                <button class=\"accordion-button collapsed\" type=\"button\" data-bs-toggle=\"collapse\" data-bs-target=\"#collapse-441242\" aria-expanded=\"false\" aria-controls=\"collapse-441242\">\n\t\t\t\t\t\t\t\t\t4. \u00bfQu\u00e9 es la terapia de juego y c\u00f3mo funciona?                                <\/button>\n                            <\/h2>\n\n                            <div id=\"collapse-441242\" class=\"accordion-collapse collapse \" data-bs-parent=\"#td-accordion-41242\">\n                                <div class=\"accordion-body\">\n\t\t\t\t\t\t\t\t\t<p>La terapia de juego es una forma especializada de psicoterapia utilizada especialmente con ni\u00f1os. A trav\u00e9s del juego \u2014su lenguaje natural\u2014, los ni\u00f1os pueden expresar emociones, procesar experiencias dif\u00edciles y desarrollar habilidades de autorregulaci\u00f3n.<\/p><p>En Feelings and Beyond, utilizamos la Synergetic Play Therapy\u2122, un enfoque basado en neurociencia y teor\u00eda del v\u00ednculo, donde el terapeuta acompa\u00f1a al ni\u00f1o desde la conexi\u00f3n y la co-regulaci\u00f3n emocional, ayud\u00e1ndole a comprender y transformar su mundo interno de manera segura y compasiva.<\/p>                                <\/div>\n                            <\/div>\n                        <\/div>\n\t\t\t\t\t\t            <\/div>\n        <\/div>\n\t\t\t\t\t\t<\/div>\n\t\t\t\t<\/div>\n\t\t\t\t\t<\/div>\n\t\t<\/div>\n\t\t\t\t<div class=\"elementor-column elementor-col-50 elementor-top-column elementor-element elementor-element-62f08d02\" data-id=\"62f08d02\" data-element_type=\"column\" data-e-type=\"column\">\n\t\t\t<div class=\"elementor-widget-wrap elementor-element-populated\">\n\t\t\t\t\t\t<div class=\"elementor-element elementor-element-552bc6db elementor-widget elementor-widget-themeDraft_accordion\" data-id=\"552bc6db\" data-element_type=\"widget\" data-e-type=\"widget\" data-widget_type=\"themeDraft_accordion.default\">\n\t\t\t\t<div class=\"elementor-widget-container\">\n\t\t\t\t\t        <div class=\"td-accordion-wrapper td-accordion-wrapper-5246\">\n            <div class=\"accordion\" id=\"td-accordion-5246\">\n\n\t\t\t\t                        <div class=\"accordion-item\">\n                            <h2 class=\"accordion-header\">\n                                <button class=\"accordion-button collapsed\" type=\"button\" data-bs-toggle=\"collapse\" data-bs-target=\"#collapse-15246\" aria-expanded=\"false\" aria-controls=\"collapse-15246\">\n\t\t\t\t\t\t\t\t\t5. \u00bfPor qu\u00e9 la neurociencia es la base de nuestro trabajo?                                <\/button>\n                            <\/h2>\n\n                            <div id=\"collapse-15246\" class=\"accordion-collapse collapse \" data-bs-parent=\"#td-accordion-5246\">\n                                <div class=\"accordion-body\">\n\t\t\t\t\t\t\t\t\t<p>La neurociencia estudia c\u00f3mo funciona el cerebro y c\u00f3mo se conectan nuestras emociones, pensamientos y comportamientos. En nuestro enfoque, comprender el cerebro es clave para entender por qu\u00e9 los ni\u00f1os, adolescentes y adultos reaccionan como lo hacen ante el estr\u00e9s, el miedo o la frustraci\u00f3n.<\/p><p>Basarnos en la neurociencia nos permite identificar qu\u00e9 necesita cada persona para regularse, sentirse segura y recuperar el equilibrio emocional, especialmente en casos de ansiedad, miedos intensos o desbordes emocionales.<\/p><p>Trabajamos con estrategias que ayudan al cerebro a crear nuevas conexiones, promoviendo un bienestar emocional duradero.<\/p>                                <\/div>\n                            <\/div>\n                        <\/div>\n\t\t\t\t\t\t                        <div class=\"accordion-item\">\n                            <h2 class=\"accordion-header\">\n                                <button class=\"accordion-button collapsed\" type=\"button\" data-bs-toggle=\"collapse\" data-bs-target=\"#collapse-25246\" aria-expanded=\"false\" aria-controls=\"collapse-25246\">\n\t\t\t\t\t\t\t\t\t6. \u00bfLos padres participan en el proceso terap\u00e9utico?                                <\/button>\n                            <\/h2>\n\n                            <div id=\"collapse-25246\" class=\"accordion-collapse collapse \" data-bs-parent=\"#td-accordion-5246\">\n                                <div class=\"accordion-body\">\n\t\t\t\t\t\t\t\t\t<p>S\u00ed. En Feelings and Beyond, creemos firmemente que los padres son una parte esencial del equipo hacia el bienestar de sus hijos.<\/p><p>Por eso, adem\u00e1s del trabajo individual con el ni\u00f1o, realizamos sesiones peri\u00f3dicas con los padres donde compartimos observaciones, avances y estrategias pr\u00e1cticas para acompa\u00f1ar el proceso desde casa.<\/p><p>Nuestro objetivo es proveer herramientas que sirvan para toda la vida, fortaleciendo los lazos entre padres e hijos y creando relaciones m\u00e1s seguras, emp\u00e1ticas y conscientes.<\/p>                                <\/div>\n                            <\/div>\n                        <\/div>\n\t\t\t\t\t\t                        <div class=\"accordion-item\">\n                            <h2 class=\"accordion-header\">\n                                <button class=\"accordion-button collapsed\" type=\"button\" data-bs-toggle=\"collapse\" data-bs-target=\"#collapse-35246\" aria-expanded=\"false\" aria-controls=\"collapse-35246\">\n\t\t\t\t\t\t\t\t\t7. \u00bfOfrecen sesiones virtuales o presenciales?                                <\/button>\n                            <\/h2>\n\n                            <div id=\"collapse-35246\" class=\"accordion-collapse collapse \" data-bs-parent=\"#td-accordion-5246\">\n                                <div class=\"accordion-body\">\n\t\t\t\t\t\t\t\t\t<p>S\u00ed. En Feelings and Beyond ofrecemos sesiones presenciales en nuestro consultorio, as\u00ed como sesiones virtuales para quienes prefieren o necesitan la modalidad en l\u00ednea.<\/p><p>Tambi\u00e9n realizamos talleres y conferencias para padres, escuelas y comunidades interesados en temas de salud mental, regulaci\u00f3n emocional y v\u00ednculos familiares.<\/p>                                <\/div>\n                            <\/div>\n                        <\/div>\n\t\t\t\t\t\t                        <div class=\"accordion-item\">\n                            <h2 class=\"accordion-header\">\n                                <button class=\"accordion-button collapsed\" type=\"button\" data-bs-toggle=\"collapse\" data-bs-target=\"#collapse-45246\" aria-expanded=\"false\" aria-controls=\"collapse-45246\">\n\t\t\t\t\t\t\t\t\t8. \u00bfQu\u00e9 pasa si no siento conexi\u00f3n con mi terapeuta o mi hijo no se conecta con \u00e9l\/ella?                                <\/button>\n                            <\/h2>\n\n                            <div id=\"collapse-45246\" class=\"accordion-collapse collapse \" data-bs-parent=\"#td-accordion-5246\">\n                                <div class=\"accordion-body\">\n\t\t\t\t\t\t\t\t\t<p>La conexi\u00f3n terap\u00e9utica es fundamental para el proceso de sanaci\u00f3n. Si sientes que no hay una buena conexi\u00f3n, te invitamos a hablarlo abiertamente. Nuestro equipo est\u00e1 comprometido con que cada persona \u2014ni\u00f1o, adolescente o adulto\u2014 se sienta segura y comprendida.<\/p><p>\u00a0Si es necesario, podemos ayudarte a encontrar otro terapeuta dentro de nuestro grupo que se ajuste mejor a tus necesidades. Lo m\u00e1s importante es que el espacio terap\u00e9utico se sienta genuino, emp\u00e1tico y de confianza.<\/p>                                <\/div>\n                            <\/div>\n                        <\/div>\n\t\t\t\t\t\t            <\/div>\n        <\/div>\n\t\t\t\t\t\t<\/div>\n\t\t\t\t<\/div>\n\t\t\t\t\t<\/div>\n\t\t<\/div>\n\t\t\t\t\t<\/div>\n\t\t<\/section>\n\t\t\t\t<\/div>\n\t\t","protected":false},"excerpt":{"rendered":"<p>Recibe respuestas Las preguntas que m\u00e1s respondemos 1. \u00bfC\u00f3mo s\u00e9 si la terapia es adecuada para mi hijo o para m\u00ed? Muchos padres buscan apoyo terap\u00e9utico cuando notan que sus hijos presentan miedos intensos (como a dormir solos, a ir al colegio, o a la separaci\u00f3n), ansiedad social, dificultad para manejar la frustraci\u00f3n, rabietas frecuentes, [&hellip;]<\/p>\n","protected":false},"author":1,"featured_media":0,"parent":0,"menu_order":0,"comment_status":"closed","ping_status":"closed","template":"","meta":{"_joinchat":[],"footnotes":""},"class_list":["post-1228","page","type-page","status-publish","hentry"],"_links":{"self":[{"href":"https:\/\/feelingsandbeyond.com\/language\/wp-json\/wp\/v2\/pages\/1228","targetHints":{"allow":["GET"]}}],"collection":[{"href":"https:\/\/feelingsandbeyond.com\/language\/wp-json\/wp\/v2\/pages"}],"about":[{"href":"https:\/\/feelingsandbeyond.com\/language\/wp-json\/wp\/v2\/types\/page"}],"author":[{"embeddable":true,"href":"https:\/\/feelingsandbeyond.com\/language\/wp-json\/wp\/v2\/users\/1"}],"replies":[{"embeddable":true,"href":"https:\/\/feelingsandbeyond.com\/language\/wp-json\/wp\/v2\/comments?post=1228"}],"version-history":[{"count":25,"href":"https:\/\/feelingsandbeyond.com\/language\/wp-json\/wp\/v2\/pages\/1228\/revisions"}],"predecessor-version":[{"id":3072,"href":"https:\/\/feelingsandbeyond.com\/language\/wp-json\/wp\/v2\/pages\/1228\/revisions\/3072"}],"wp:attachment":[{"href":"https:\/\/feelingsandbeyond.com\/language\/wp-json\/wp\/v2\/media?parent=1228"}],"curies":[{"name":"wp","href":"https:\/\/api.w.org\/{rel}","templated":true}]}}