{"id":1850,"date":"2025-11-16T03:16:15","date_gmt":"2025-11-16T03:16:15","guid":{"rendered":"https:\/\/feelingsandbeyond.com\/2025webfandb\/?page_id=1850"},"modified":"2025-11-26T03:10:55","modified_gmt":"2025-11-26T03:10:55","slug":"servicios-coaching-para-padres","status":"publish","type":"page","link":"https:\/\/feelingsandbeyond.com\/2025webfandb\/servicios-coaching-para-padres\/","title":{"rendered":"Servicios &#8211; Coaching para Padres"},"content":{"rendered":"\t\t<div data-elementor-type=\"wp-page\" data-elementor-id=\"1850\" class=\"elementor elementor-1850\">\n\t\t\t\t\t\t<section class=\"elementor-section elementor-top-section elementor-element elementor-element-0076ccb elementor-section-full_width elementor-section-stretched elementor-section-height-min-height elementor-section-height-default elementor-section-items-middle\" data-id=\"0076ccb\" data-element_type=\"section\" data-e-type=\"section\" data-settings=\"{&quot;stretch_section&quot;:&quot;section-stretched&quot;}\">\n\t\t\t\t\t\t<div class=\"elementor-container elementor-column-gap-default\">\n\t\t\t\t\t<div class=\"elementor-column elementor-col-100 elementor-top-column elementor-element elementor-element-9eae351\" data-id=\"9eae351\" data-element_type=\"column\" data-e-type=\"column\">\n\t\t\t<div class=\"elementor-widget-wrap elementor-element-populated\">\n\t\t\t\t\t\t<div class=\"elementor-element elementor-element-5dbe4f8 elementor-widget elementor-widget-themedraft_section_title\" data-id=\"5dbe4f8\" data-element_type=\"widget\" data-e-type=\"widget\" data-widget_type=\"themedraft_section_title.default\">\n\t\t\t\t<div class=\"elementor-widget-container\">\n\t\t\t\t\t\n\t\t<div class=\"td-section-title-wrapper\">\n            <div class=\"td-section-title-content td-secondary-font\">\n                \n                \n                                    <div class=\"td-section-title\">\n                        <h4>Coaching para Padres<\/h4>                    <\/div>\n                                        <div class=\"title-bottom-line\" style=\"background-image: url(https:\/\/feelingsandbeyond.com\/2025webfandb\/wp-content\/uploads\/2025\/11\/line_FandB.png)\"><\/div>\n                                                <\/div>\n\t\t<\/div>\n\t\t\t\t\t\t<\/div>\n\t\t\t\t<\/div>\n\t\t\t\t\t<\/div>\n\t\t<\/div>\n\t\t\t\t\t<\/div>\n\t\t<\/section>\n\t\t\t\t<section class=\"elementor-section elementor-top-section elementor-element elementor-element-02791b1 elementor-section-boxed elementor-section-height-default elementor-section-height-default\" data-id=\"02791b1\" data-element_type=\"section\" data-e-type=\"section\">\n\t\t\t\t\t\t<div class=\"elementor-container elementor-column-gap-default\">\n\t\t\t\t\t<div class=\"elementor-column elementor-col-100 elementor-top-column elementor-element elementor-element-7929e1d\" data-id=\"7929e1d\" data-element_type=\"column\" data-e-type=\"column\">\n\t\t\t<div class=\"elementor-widget-wrap elementor-element-populated\">\n\t\t\t\t\t\t<div class=\"elementor-element elementor-element-c1fb557 elementor-widget elementor-widget-heading\" data-id=\"c1fb557\" data-element_type=\"widget\" data-e-type=\"widget\" data-widget_type=\"heading.default\">\n\t\t\t\t\t<h2 class=\"elementor-heading-title elementor-size-default\">Crianza Consciente<\/h2>\t\t\t\t<\/div>\n\t\t<div class=\"elementor-element elementor-element-eed016a e-flex e-con-boxed e-con e-parent\" data-id=\"eed016a\" data-element_type=\"container\" data-e-type=\"container\">\n\t\t\t\t\t<div class=\"e-con-inner\">\n\t\t<div class=\"elementor-element elementor-element-bf18672 e-grid e-con-full e-con e-child\" data-id=\"bf18672\" data-element_type=\"container\" data-e-type=\"container\">\n\t\t<div class=\"elementor-element elementor-element-f75a094 e-con-full e-flex e-con e-child\" data-id=\"f75a094\" data-element_type=\"container\" data-e-type=\"container\">\n\t\t\t\t<div class=\"elementor-element elementor-element-7ca4b46 elementor-widget elementor-widget-image\" data-id=\"7ca4b46\" data-element_type=\"widget\" data-e-type=\"widget\" data-widget_type=\"image.default\">\n\t\t\t\t\t\t\t\t\t\t\t\t\t\t\t<img fetchpriority=\"high\" decoding=\"async\" width=\"850\" height=\"567\" src=\"https:\/\/feelingsandbeyond.com\/2025webfandb\/wp-content\/uploads\/2025\/11\/servicios_coaching_para_padres-min.jpg\" class=\"attachment-large size-large wp-image-1753\" alt=\"\" srcset=\"https:\/\/feelingsandbeyond.com\/2025webfandb\/wp-content\/uploads\/2025\/11\/servicios_coaching_para_padres-min.jpg 850w, https:\/\/feelingsandbeyond.com\/2025webfandb\/wp-content\/uploads\/2025\/11\/servicios_coaching_para_padres-min-300x200.jpg 300w, https:\/\/feelingsandbeyond.com\/2025webfandb\/wp-content\/uploads\/2025\/11\/servicios_coaching_para_padres-min-768x512.jpg 768w, https:\/\/feelingsandbeyond.com\/2025webfandb\/wp-content\/uploads\/2025\/11\/servicios_coaching_para_padres-min-600x400.jpg 600w\" sizes=\"(max-width: 850px) 100vw, 850px\" \/>\t\t\t\t\t\t\t\t\t\t\t\t\t\t\t<\/div>\n\t\t\t\t<\/div>\n\t\t\t\t<div class=\"elementor-element elementor-element-31d6f17 elementor-widget elementor-widget-themedraft_title_with_text\" data-id=\"31d6f17\" data-element_type=\"widget\" data-e-type=\"widget\" data-widget_type=\"themedraft_title_with_text.default\">\n\t\t\t\t<div class=\"elementor-widget-container\">\n\t\t\t\t\t\n\t\t<div class=\"td-title-with-text-wrapper\">\n                    <div class=\"desc\">\n                <p>Sabemos que Ser padre o madre no viene con un manual. A veces, el amor no es suficiente para manejar los desaf\u00edos del d\u00eda a d\u00eda: berrinches, desobediencia, cambios de \u00e1nimo, l\u00edmites o rutinas ca\u00f3ticas.<\/p><p>En <strong>Feelings and Beyond<\/strong>, ofrecemos <strong>coaching para padres en Doral (Miami)<\/strong>, un acompa\u00f1amiento psicol\u00f3gico y pr\u00e1ctico basado en los principios de la <strong>crianza consciente y las neurociencias.<\/strong><\/p><p>Este proceso est\u00e1 dise\u00f1ado para ayudar a los padres a comprender mejor el comportamiento y emociones de sus hijos, fortalecer el v\u00ednculo familiar y recuperar la calma en casa.<\/p>            <\/div>\n\t\t<\/div>\n\n\t\t\t\t\t\t<\/div>\n\t\t\t\t<\/div>\n\t\t\t\t<\/div>\n\t\t\t\t\t<\/div>\n\t\t\t\t<\/div>\n\t\t\t\t\t<\/div>\n\t\t<\/div>\n\t\t\t\t\t<\/div>\n\t\t<\/section>\n\t\t\t\t<section class=\"elementor-section elementor-top-section elementor-element elementor-element-744e0af elementor-section-boxed elementor-section-height-default elementor-section-height-default\" data-id=\"744e0af\" data-element_type=\"section\" data-e-type=\"section\">\n\t\t\t\t\t\t<div class=\"elementor-container elementor-column-gap-default\">\n\t\t\t\t\t<div class=\"elementor-column elementor-col-100 elementor-top-column elementor-element elementor-element-b191d46\" data-id=\"b191d46\" data-element_type=\"column\" data-e-type=\"column\">\n\t\t\t<div class=\"elementor-widget-wrap elementor-element-populated\">\n\t\t\t\t\t\t<div class=\"elementor-element elementor-element-ff549a7 elementor-widget elementor-widget-themedraft_title_with_text\" data-id=\"ff549a7\" data-element_type=\"widget\" data-e-type=\"widget\" data-widget_type=\"themedraft_title_with_text.default\">\n\t\t\t\t<div class=\"elementor-widget-container\">\n\t\t\t\t\t\n\t\t<div class=\"td-title-with-text-wrapper\">\n        \t\t\t<h4 class=\"title\">\u00bfQui\u00e9nes pueden beneficiarse del Coaching para Padres?<\/h4>\n                        <div class=\"desc\">\n                <p>El <strong>coaching o asesor\u00eda para padres en Feelings &amp; Beyond<\/strong> est\u00e1 dise\u00f1ado para ayudar a los <strong>padres y cuidadores<\/strong> a fortalecer la crianza, mejorar la comunicaci\u00f3n y manejar los desaf\u00edos del d\u00eda a d\u00eda con sus hijos.<\/p><p>Es especialmente \u00fatil para:<\/p>            <\/div>\n\t\t<\/div>\n\n\t\t\t\t\t\t<\/div>\n\t\t\t\t<\/div>\n\t\t\t\t\t<\/div>\n\t\t<\/div>\n\t\t\t\t\t<\/div>\n\t\t<\/section>\n\t\t\t\t<section class=\"elementor-section elementor-top-section elementor-element elementor-element-e0699b8 elementor-section-boxed elementor-section-height-default elementor-section-height-default\" data-id=\"e0699b8\" data-element_type=\"section\" data-e-type=\"section\">\n\t\t\t\t\t\t<div class=\"elementor-container elementor-column-gap-default\">\n\t\t\t\t\t<div class=\"elementor-column elementor-col-50 elementor-top-column elementor-element elementor-element-b00b528\" data-id=\"b00b528\" data-element_type=\"column\" data-e-type=\"column\">\n\t\t\t<div class=\"elementor-widget-wrap elementor-element-populated\">\n\t\t\t\t\t\t<div class=\"elementor-element elementor-element-80f7d1a elementor-widget elementor-widget-themedraft_text\" data-id=\"80f7d1a\" data-element_type=\"widget\" data-e-type=\"widget\" data-widget_type=\"themedraft_text.default\">\n\t\t\t\t<div class=\"elementor-widget-container\">\n\t\t\t\t\t\n\t\t<div class=\"td-text-wrapper\">\n\t\t\t<ul><li><strong>Padres o cuidadores que enfrentan berrinches, frustraci\u00f3n o conductas desafiantes de sus hijos<\/strong>.<\/li><li><strong>Padres o cuidadores que tienen dificultad para establecer l\u00edmites claros y rutinas efectivas como padres o cuidadores<\/strong>.<\/li><li><strong>Padres o cuidadores que desean mejorar la comunicaci\u00f3n emp\u00e1tica y asertiva con sus hijos<\/strong>.<\/li><\/ul>\n            \t\t<\/div>\n\n\t\t\t\t\t\t<\/div>\n\t\t\t\t<\/div>\n\t\t\t\t\t<\/div>\n\t\t<\/div>\n\t\t\t\t<div class=\"elementor-column elementor-col-50 elementor-top-column elementor-element elementor-element-4ad176f\" data-id=\"4ad176f\" data-element_type=\"column\" data-e-type=\"column\">\n\t\t\t<div class=\"elementor-widget-wrap elementor-element-populated\">\n\t\t\t\t\t\t<div class=\"elementor-element elementor-element-8139e49 elementor-widget elementor-widget-themedraft_text\" data-id=\"8139e49\" data-element_type=\"widget\" data-e-type=\"widget\" data-widget_type=\"themedraft_text.default\">\n\t\t\t\t<div class=\"elementor-widget-container\">\n\t\t\t\t\t\n\t\t<div class=\"td-text-wrapper\">\n\t\t\t<ul><li><strong>Padres o cuidadores que buscan estrategias para fomentar la cooperaci\u00f3n y respeto dentro del hogar<\/strong>.<\/li><li><strong>Padres o cuidadores que viven desaf\u00edos relacionados con la regulaci\u00f3n emocional y el autocuidado parental<\/strong>.<\/li><li><strong>Padres o cuidadores que desean implementar herramientas de Crianza Respetuosa y Crianza Consciente<\/strong>.<\/li><\/ul>\n            \t\t<\/div>\n\n\t\t\t\t\t\t<\/div>\n\t\t\t\t<\/div>\n\t\t\t\t\t<\/div>\n\t\t<\/div>\n\t\t\t\t\t<\/div>\n\t\t<\/section>\n\t\t\t\t<section class=\"elementor-section elementor-top-section elementor-element elementor-element-2e45d00 elementor-section-boxed elementor-section-height-default elementor-section-height-default\" data-id=\"2e45d00\" data-element_type=\"section\" data-e-type=\"section\">\n\t\t\t\t\t\t<div class=\"elementor-container elementor-column-gap-default\">\n\t\t\t\t\t<div class=\"elementor-column elementor-col-100 elementor-top-column elementor-element elementor-element-6374bce\" data-id=\"6374bce\" data-element_type=\"column\" data-e-type=\"column\">\n\t\t\t<div class=\"elementor-widget-wrap elementor-element-populated\">\n\t\t\t\t\t\t<div class=\"elementor-element elementor-element-474ecc1 elementor-widget elementor-widget-themedraft_title_with_text\" data-id=\"474ecc1\" data-element_type=\"widget\" data-e-type=\"widget\" data-widget_type=\"themedraft_title_with_text.default\">\n\t\t\t\t<div class=\"elementor-widget-container\">\n\t\t\t\t\t\n\t\t<div class=\"td-title-with-text-wrapper\">\n                    <div class=\"desc\">\n                <p>Las sesiones son personalizadas y ofrecen herramientas pr\u00e1cticas para aplicar en casa.<\/p><p>El objetivo es crear un entorno familiar m\u00e1s tranquilo, amoroso y estructurado, donde tanto padres como hijos se sientan comprendidos y conectados.<\/p>            <\/div>\n\t\t<\/div>\n\n\t\t\t\t\t\t<\/div>\n\t\t\t\t<\/div>\n\t\t\t\t\t<\/div>\n\t\t<\/div>\n\t\t\t\t\t<\/div>\n\t\t<\/section>\n\t\t\t\t<section class=\"elementor-section elementor-top-section elementor-element elementor-element-3f91450 elementor-section-boxed elementor-section-height-default elementor-section-height-default\" data-id=\"3f91450\" data-element_type=\"section\" data-e-type=\"section\">\n\t\t\t\t\t\t<div class=\"elementor-container elementor-column-gap-default\">\n\t\t\t\t\t<div class=\"elementor-column elementor-col-100 elementor-top-column elementor-element elementor-element-73986be\" data-id=\"73986be\" data-element_type=\"column\" data-e-type=\"column\">\n\t\t\t<div class=\"elementor-widget-wrap elementor-element-populated\">\n\t\t\t\t\t\t<div class=\"elementor-element elementor-element-653620a elementor-widget elementor-widget-heading\" data-id=\"653620a\" data-element_type=\"widget\" data-e-type=\"widget\" data-widget_type=\"heading.default\">\n\t\t\t\t\t<h4 class=\"elementor-heading-title elementor-size-default\"><span style=\"color:#000000\">\u201cLa disciplina consciente significa ense\u00f1ar, no castigar: cultivamos habilidades emocionales que acompa\u00f1ar\u00e1n a los ni\u00f1os en su desarrollo a lo largo de toda su vida.\u201d \u2014 frase inspirada en Dr.Dan Siegel.<\/span> <\/h4>\t\t\t\t<\/div>\n\t\t\t\t\t<\/div>\n\t\t<\/div>\n\t\t\t\t\t<\/div>\n\t\t<\/section>\n\t\t\t\t<\/div>\n\t\t","protected":false},"excerpt":{"rendered":"<p>Coaching para Padres Crianza Consciente Sabemos que Ser padre o madre no viene con un manual. A veces, el amor no es suficiente para manejar los desaf\u00edos del d\u00eda a d\u00eda: berrinches, desobediencia, cambios de \u00e1nimo, l\u00edmites o rutinas ca\u00f3ticas. En Feelings and Beyond, ofrecemos coaching para padres en Doral (Miami), un acompa\u00f1amiento psicol\u00f3gico y [&hellip;]<\/p>\n","protected":false},"author":1,"featured_media":0,"parent":0,"menu_order":0,"comment_status":"closed","ping_status":"closed","template":"","meta":{"_joinchat":[],"footnotes":""},"class_list":["post-1850","page","type-page","status-publish","hentry"],"_links":{"self":[{"href":"https:\/\/feelingsandbeyond.com\/2025webfandb\/wp-json\/wp\/v2\/pages\/1850","targetHints":{"allow":["GET"]}}],"collection":[{"href":"https:\/\/feelingsandbeyond.com\/2025webfandb\/wp-json\/wp\/v2\/pages"}],"about":[{"href":"https:\/\/feelingsandbeyond.com\/2025webfandb\/wp-json\/wp\/v2\/types\/page"}],"author":[{"embeddable":true,"href":"https:\/\/feelingsandbeyond.com\/2025webfandb\/wp-json\/wp\/v2\/users\/1"}],"replies":[{"embeddable":true,"href":"https:\/\/feelingsandbeyond.com\/2025webfandb\/wp-json\/wp\/v2\/comments?post=1850"}],"version-history":[{"count":7,"href":"https:\/\/feelingsandbeyond.com\/2025webfandb\/wp-json\/wp\/v2\/pages\/1850\/revisions"}],"predecessor-version":[{"id":2814,"href":"https:\/\/feelingsandbeyond.com\/2025webfandb\/wp-json\/wp\/v2\/pages\/1850\/revisions\/2814"}],"wp:attachment":[{"href":"https:\/\/feelingsandbeyond.com\/2025webfandb\/wp-json\/wp\/v2\/media?parent=1850"}],"curies":[{"name":"wp","href":"https:\/\/api.w.org\/{rel}","templated":true}]}}