{"id":1825,"date":"2025-11-16T02:14:19","date_gmt":"2025-11-16T02:14:19","guid":{"rendered":"https:\/\/feelingsandbeyond.com\/2025webfandb\/?page_id=1825"},"modified":"2025-11-26T02:40:44","modified_gmt":"2025-11-26T02:40:44","slug":"servicios-terapia-para-adultos","status":"publish","type":"page","link":"https:\/\/feelingsandbeyond.com\/2025webfandb\/servicios-terapia-para-adultos\/","title":{"rendered":"Servicios &#8211; Terapia para Adultos"},"content":{"rendered":"\t\t<div data-elementor-type=\"wp-page\" data-elementor-id=\"1825\" class=\"elementor elementor-1825\">\n\t\t\t\t\t\t<section class=\"elementor-section elementor-top-section elementor-element elementor-element-0076ccb elementor-section-full_width elementor-section-stretched elementor-section-height-min-height elementor-section-height-default elementor-section-items-middle\" data-id=\"0076ccb\" data-element_type=\"section\" data-e-type=\"section\" data-settings=\"{&quot;stretch_section&quot;:&quot;section-stretched&quot;}\">\n\t\t\t\t\t\t<div class=\"elementor-container elementor-column-gap-default\">\n\t\t\t\t\t<div class=\"elementor-column elementor-col-100 elementor-top-column elementor-element elementor-element-9eae351\" data-id=\"9eae351\" data-element_type=\"column\" data-e-type=\"column\">\n\t\t\t<div class=\"elementor-widget-wrap elementor-element-populated\">\n\t\t\t\t\t\t<div class=\"elementor-element elementor-element-5dbe4f8 elementor-widget elementor-widget-themedraft_section_title\" data-id=\"5dbe4f8\" data-element_type=\"widget\" data-e-type=\"widget\" data-widget_type=\"themedraft_section_title.default\">\n\t\t\t\t<div class=\"elementor-widget-container\">\n\t\t\t\t\t\n\t\t<div class=\"td-section-title-wrapper\">\n            <div class=\"td-section-title-content td-secondary-font\">\n                \n                \n                                    <div class=\"td-section-title\">\n                        <h4>Terapia para Adultos<\/h4>                    <\/div>\n                                        <div class=\"title-bottom-line\" style=\"background-image: url(https:\/\/feelingsandbeyond.com\/2025webfandb\/wp-content\/uploads\/2025\/11\/line_FandB.png)\"><\/div>\n                                                <\/div>\n\t\t<\/div>\n\t\t\t\t\t\t<\/div>\n\t\t\t\t<\/div>\n\t\t\t\t\t<\/div>\n\t\t<\/div>\n\t\t\t\t\t<\/div>\n\t\t<\/section>\n\t\t\t\t<section class=\"elementor-section elementor-top-section elementor-element elementor-element-cb3a042 elementor-section-boxed elementor-section-height-default elementor-section-height-default\" data-id=\"cb3a042\" data-element_type=\"section\" data-e-type=\"section\">\n\t\t\t\t\t\t<div class=\"elementor-container elementor-column-gap-default\">\n\t\t\t\t\t<div class=\"elementor-column elementor-col-100 elementor-top-column elementor-element elementor-element-43f9001\" data-id=\"43f9001\" data-element_type=\"column\" data-e-type=\"column\">\n\t\t\t<div class=\"elementor-widget-wrap elementor-element-populated\">\n\t\t\t\t<div class=\"elementor-element elementor-element-ff1d65b e-flex e-con-boxed e-con e-parent\" data-id=\"ff1d65b\" data-element_type=\"container\" data-e-type=\"container\">\n\t\t\t\t\t<div class=\"e-con-inner\">\n\t\t<div class=\"elementor-element elementor-element-f1df846 e-grid e-con-full e-con e-child\" data-id=\"f1df846\" data-element_type=\"container\" data-e-type=\"container\">\n\t\t<div class=\"elementor-element elementor-element-6969408 e-con-full e-flex e-con e-child\" data-id=\"6969408\" data-element_type=\"container\" data-e-type=\"container\">\n\t\t\t\t<div class=\"elementor-element elementor-element-f937606 elementor-widget elementor-widget-image\" data-id=\"f937606\" data-element_type=\"widget\" data-e-type=\"widget\" data-widget_type=\"image.default\">\n\t\t\t\t\t\t\t\t\t\t\t\t\t\t\t<img fetchpriority=\"high\" decoding=\"async\" width=\"850\" height=\"567\" src=\"https:\/\/feelingsandbeyond.com\/2025webfandb\/wp-content\/uploads\/2025\/11\/servicios_terapia_adultos-min.jpg\" class=\"attachment-large size-large wp-image-1756\" alt=\"\" srcset=\"https:\/\/feelingsandbeyond.com\/2025webfandb\/wp-content\/uploads\/2025\/11\/servicios_terapia_adultos-min.jpg 850w, https:\/\/feelingsandbeyond.com\/2025webfandb\/wp-content\/uploads\/2025\/11\/servicios_terapia_adultos-min-300x200.jpg 300w, https:\/\/feelingsandbeyond.com\/2025webfandb\/wp-content\/uploads\/2025\/11\/servicios_terapia_adultos-min-768x512.jpg 768w, https:\/\/feelingsandbeyond.com\/2025webfandb\/wp-content\/uploads\/2025\/11\/servicios_terapia_adultos-min-600x400.jpg 600w\" sizes=\"(max-width: 850px) 100vw, 850px\" \/>\t\t\t\t\t\t\t\t\t\t\t\t\t\t\t<\/div>\n\t\t\t\t<\/div>\n\t\t\t\t<div class=\"elementor-element elementor-element-4833766 elementor-widget elementor-widget-themedraft_title_with_text\" data-id=\"4833766\" data-element_type=\"widget\" data-e-type=\"widget\" data-widget_type=\"themedraft_title_with_text.default\">\n\t\t\t\t<div class=\"elementor-widget-container\">\n\t\t\t\t\t\n\t\t<div class=\"td-title-with-text-wrapper\">\n                    <div class=\"desc\">\n                <p>La vida adulta trae consigo m\u00faltiples exigencias: trabajo, familia, relaciones y responsabilidades que pueden generar <strong>estr\u00e9s, ansiedad o sensaci\u00f3n de sobrecarga emocional<\/strong>.<br \/>En <strong>Feelings and Beyond<\/strong>, entendemos que cuidar la mente y las emociones, es tan importante como cuidar el cuerpo. Por eso ofrecemos <strong>terapia psicol\u00f3gica para adultos en Doral<\/strong>, en un ambiente confidencial, emp\u00e1tico y libre de juicios.<\/p><p>Nuestro objetivo es ayudarte a <strong>entender lo que sientes, encontrar equilibrio emocional y tomar decisiones m\u00e1s conscientes<\/strong>.<\/p>            <\/div>\n\t\t<\/div>\n\n\t\t\t\t\t\t<\/div>\n\t\t\t\t<\/div>\n\t\t\t\t<\/div>\n\t\t\t\t\t<\/div>\n\t\t\t\t<\/div>\n\t\t\t\t\t<\/div>\n\t\t<\/div>\n\t\t\t\t\t<\/div>\n\t\t<\/section>\n\t\t\t\t<section class=\"elementor-section elementor-top-section elementor-element elementor-element-25cb615 elementor-section-boxed elementor-section-height-default elementor-section-height-default\" data-id=\"25cb615\" data-element_type=\"section\" data-e-type=\"section\">\n\t\t\t\t\t\t<div class=\"elementor-container elementor-column-gap-default\">\n\t\t\t\t\t<div class=\"elementor-column elementor-col-100 elementor-top-column elementor-element elementor-element-866bf3f\" data-id=\"866bf3f\" data-element_type=\"column\" data-e-type=\"column\">\n\t\t\t<div class=\"elementor-widget-wrap elementor-element-populated\">\n\t\t\t\t\t\t<div class=\"elementor-element elementor-element-d4c262e elementor-widget elementor-widget-themedraft_title_with_text\" data-id=\"d4c262e\" data-element_type=\"widget\" data-e-type=\"widget\" data-widget_type=\"themedraft_title_with_text.default\">\n\t\t\t\t<div class=\"elementor-widget-container\">\n\t\t\t\t\t\n\t\t<div class=\"td-title-with-text-wrapper\">\n        \t\t\t<h4 class=\"title\">\u00bfQui\u00e9nes pueden beneficiarse de la Terapia para Adultos?<\/h4>\n                        <div class=\"desc\">\n                            <\/div>\n\t\t<\/div>\n\n\t\t\t\t\t\t<\/div>\n\t\t\t\t<\/div>\n\t\t\t\t\t<\/div>\n\t\t<\/div>\n\t\t\t\t\t<\/div>\n\t\t<\/section>\n\t\t\t\t<section class=\"elementor-section elementor-top-section elementor-element elementor-element-e0699b8 elementor-section-boxed elementor-section-height-default elementor-section-height-default\" data-id=\"e0699b8\" data-element_type=\"section\" data-e-type=\"section\">\n\t\t\t\t\t\t<div class=\"elementor-container elementor-column-gap-default\">\n\t\t\t\t\t<div class=\"elementor-column elementor-col-50 elementor-top-column elementor-element elementor-element-b00b528\" data-id=\"b00b528\" data-element_type=\"column\" data-e-type=\"column\">\n\t\t\t<div class=\"elementor-widget-wrap elementor-element-populated\">\n\t\t\t\t\t\t<div class=\"elementor-element elementor-element-80f7d1a elementor-widget elementor-widget-themedraft_text\" data-id=\"80f7d1a\" data-element_type=\"widget\" data-e-type=\"widget\" data-widget_type=\"themedraft_text.default\">\n\t\t\t\t<div class=\"elementor-widget-container\">\n\t\t\t\t\t\n\t\t<div class=\"td-text-wrapper\">\n\t\t\t<ul><li>Sufren de ansiedad, estr\u00e9s o agotamiento emocional.<\/li><li>Tienen dificultad para poner l\u00edmites o decir no.<\/li><li>Enfrentan relaciones de pareja o familiares conflictivas.<\/li><\/ul>\n            \t\t<\/div>\n\n\t\t\t\t\t\t<\/div>\n\t\t\t\t<\/div>\n\t\t\t\t\t<\/div>\n\t\t<\/div>\n\t\t\t\t<div class=\"elementor-column elementor-col-50 elementor-top-column elementor-element elementor-element-4ad176f\" data-id=\"4ad176f\" data-element_type=\"column\" data-e-type=\"column\">\n\t\t\t<div class=\"elementor-widget-wrap elementor-element-populated\">\n\t\t\t\t\t\t<div class=\"elementor-element elementor-element-8139e49 elementor-widget elementor-widget-themedraft_text\" data-id=\"8139e49\" data-element_type=\"widget\" data-e-type=\"widget\" data-widget_type=\"themedraft_text.default\">\n\t\t\t\t<div class=\"elementor-widget-container\">\n\t\t\t\t\t\n\t\t<div class=\"td-text-wrapper\">\n\t\t\t<ul><li>Presentan baja autoestima o inseguridad personal.<\/li><li>Viven p\u00e9rdidas, duelos o cambios importantes en la vida.<\/li><li>Enfrentan otras dificultades emocionales o relacionales.<\/li><\/ul>\n            \t\t<\/div>\n\n\t\t\t\t\t\t<\/div>\n\t\t\t\t<\/div>\n\t\t\t\t\t<\/div>\n\t\t<\/div>\n\t\t\t\t\t<\/div>\n\t\t<\/section>\n\t\t\t\t<section class=\"elementor-section elementor-top-section elementor-element elementor-element-2e45d00 elementor-section-boxed elementor-section-height-default elementor-section-height-default\" data-id=\"2e45d00\" data-element_type=\"section\" data-e-type=\"section\">\n\t\t\t\t\t\t<div class=\"elementor-container elementor-column-gap-default\">\n\t\t\t\t\t<div class=\"elementor-column elementor-col-100 elementor-top-column elementor-element elementor-element-6374bce\" data-id=\"6374bce\" data-element_type=\"column\" data-e-type=\"column\">\n\t\t\t<div class=\"elementor-widget-wrap elementor-element-populated\">\n\t\t\t\t\t\t<div class=\"elementor-element elementor-element-474ecc1 elementor-widget elementor-widget-themedraft_title_with_text\" data-id=\"474ecc1\" data-element_type=\"widget\" data-e-type=\"widget\" data-widget_type=\"themedraft_title_with_text.default\">\n\t\t\t\t<div class=\"elementor-widget-container\">\n\t\t\t\t\t\n\t\t<div class=\"td-title-with-text-wrapper\">\n                    <div class=\"desc\">\n                <p>Recibe terapia para adultos en Miami presencial o virtual, y aprende herramientas para:<\/p>            <\/div>\n\t\t<\/div>\n\n\t\t\t\t\t\t<\/div>\n\t\t\t\t<\/div>\n\t\t\t\t\t<\/div>\n\t\t<\/div>\n\t\t\t\t\t<\/div>\n\t\t<\/section>\n\t\t\t\t<section class=\"elementor-section elementor-top-section elementor-element elementor-element-a90ed31 elementor-section-boxed elementor-section-height-default elementor-section-height-default\" data-id=\"a90ed31\" data-element_type=\"section\" data-e-type=\"section\">\n\t\t\t\t\t\t<div class=\"elementor-container elementor-column-gap-default\">\n\t\t\t\t\t<div class=\"elementor-column elementor-col-50 elementor-top-column elementor-element elementor-element-4461597\" data-id=\"4461597\" data-element_type=\"column\" data-e-type=\"column\">\n\t\t\t<div class=\"elementor-widget-wrap elementor-element-populated\">\n\t\t\t\t\t\t<div class=\"elementor-element elementor-element-1b2a3fe elementor-widget elementor-widget-themedraft_text\" data-id=\"1b2a3fe\" data-element_type=\"widget\" data-e-type=\"widget\" data-widget_type=\"themedraft_text.default\">\n\t\t\t\t<div class=\"elementor-widget-container\">\n\t\t\t\t\t\n\t\t<div class=\"td-text-wrapper\">\n\t\t\t<ul><li>Reducir la ansiedad y el estr\u00e9s cotidiano.<\/li><li>Afrontar los desaf\u00edos con claridad y seguridad.<\/li><li>Mejorar la comunicaci\u00f3n en tus relaciones.<\/li><\/ul>\n            \t\t<\/div>\n\n\t\t\t\t\t\t<\/div>\n\t\t\t\t<\/div>\n\t\t\t\t\t<\/div>\n\t\t<\/div>\n\t\t\t\t<div class=\"elementor-column elementor-col-50 elementor-top-column elementor-element elementor-element-adca9de\" data-id=\"adca9de\" data-element_type=\"column\" data-e-type=\"column\">\n\t\t\t<div class=\"elementor-widget-wrap elementor-element-populated\">\n\t\t\t\t\t\t<div class=\"elementor-element elementor-element-6f4ca9b elementor-widget elementor-widget-themedraft_text\" data-id=\"6f4ca9b\" data-element_type=\"widget\" data-e-type=\"widget\" data-widget_type=\"themedraft_text.default\">\n\t\t\t\t<div class=\"elementor-widget-container\">\n\t\t\t\t\t\n\t\t<div class=\"td-text-wrapper\">\n\t\t\t<ul><li>Fortalecer tu autoestima y bienestar psicol\u00f3gico.<\/li><li>Entre otras dificultades.<\/li><\/ul>\n            \t\t<\/div>\n\n\t\t\t\t\t\t<\/div>\n\t\t\t\t<\/div>\n\t\t\t\t\t<\/div>\n\t\t<\/div>\n\t\t\t\t\t<\/div>\n\t\t<\/section>\n\t\t\t\t<section class=\"elementor-section elementor-top-section elementor-element elementor-element-3f91450 elementor-section-boxed elementor-section-height-default elementor-section-height-default\" data-id=\"3f91450\" data-element_type=\"section\" data-e-type=\"section\">\n\t\t\t\t\t\t<div class=\"elementor-container elementor-column-gap-default\">\n\t\t\t\t\t<div class=\"elementor-column elementor-col-100 elementor-top-column elementor-element elementor-element-73986be\" data-id=\"73986be\" data-element_type=\"column\" data-e-type=\"column\">\n\t\t\t<div class=\"elementor-widget-wrap elementor-element-populated\">\n\t\t\t\t\t\t<div class=\"elementor-element elementor-element-4279821 elementor-widget elementor-widget-themedraft_title_with_text\" data-id=\"4279821\" data-element_type=\"widget\" data-e-type=\"widget\" data-widget_type=\"themedraft_title_with_text.default\">\n\t\t\t\t<div class=\"elementor-widget-container\">\n\t\t\t\t\t\n\t\t<div class=\"td-title-with-text-wrapper\">\n                    <div class=\"desc\">\n                <p>Cada proceso es personalizado. Junto a tu terapeuta, defines metas claras y alcanzables que te permitan avanzar a tu propio ritmo.<\/p>            <\/div>\n\t\t<\/div>\n\n\t\t\t\t\t\t<\/div>\n\t\t\t\t<\/div>\n\t\t\t\t<div class=\"elementor-element elementor-element-653620a elementor-widget elementor-widget-heading\" data-id=\"653620a\" data-element_type=\"widget\" data-e-type=\"widget\" data-widget_type=\"heading.default\">\n\t\t\t\t\t<h4 class=\"elementor-heading-title elementor-size-default\"><span style=\"color:#000000\"> \u201cCuidar tu salud mental es una inversi\u00f3n en tu bienestar y en tu calidad de vida.\u201d<\/span> <\/h4>\t\t\t\t<\/div>\n\t\t\t\t\t<\/div>\n\t\t<\/div>\n\t\t\t\t\t<\/div>\n\t\t<\/section>\n\t\t\t\t<\/div>\n\t\t","protected":false},"excerpt":{"rendered":"<p>Terapia para Adultos La vida adulta trae consigo m\u00faltiples exigencias: trabajo, familia, relaciones y responsabilidades que pueden generar estr\u00e9s, ansiedad o sensaci\u00f3n de sobrecarga emocional.En Feelings and Beyond, entendemos que cuidar la mente y las emociones, es tan importante como cuidar el cuerpo. Por eso ofrecemos terapia psicol\u00f3gica para adultos en Doral, en un ambiente [&hellip;]<\/p>\n","protected":false},"author":1,"featured_media":0,"parent":0,"menu_order":0,"comment_status":"closed","ping_status":"closed","template":"","meta":{"_joinchat":[],"footnotes":""},"class_list":["post-1825","page","type-page","status-publish","hentry"],"_links":{"self":[{"href":"https:\/\/feelingsandbeyond.com\/2025webfandb\/wp-json\/wp\/v2\/pages\/1825","targetHints":{"allow":["GET"]}}],"collection":[{"href":"https:\/\/feelingsandbeyond.com\/2025webfandb\/wp-json\/wp\/v2\/pages"}],"about":[{"href":"https:\/\/feelingsandbeyond.com\/2025webfandb\/wp-json\/wp\/v2\/types\/page"}],"author":[{"embeddable":true,"href":"https:\/\/feelingsandbeyond.com\/2025webfandb\/wp-json\/wp\/v2\/users\/1"}],"replies":[{"embeddable":true,"href":"https:\/\/feelingsandbeyond.com\/2025webfandb\/wp-json\/wp\/v2\/comments?post=1825"}],"version-history":[{"count":7,"href":"https:\/\/feelingsandbeyond.com\/2025webfandb\/wp-json\/wp\/v2\/pages\/1825\/revisions"}],"predecessor-version":[{"id":2792,"href":"https:\/\/feelingsandbeyond.com\/2025webfandb\/wp-json\/wp\/v2\/pages\/1825\/revisions\/2792"}],"wp:attachment":[{"href":"https:\/\/feelingsandbeyond.com\/2025webfandb\/wp-json\/wp\/v2\/media?parent=1825"}],"curies":[{"name":"wp","href":"https:\/\/api.w.org\/{rel}","templated":true}]}}