{"id":1667,"date":"2025-11-15T03:57:38","date_gmt":"2025-11-15T03:57:38","guid":{"rendered":"https:\/\/feelingsandbeyond.com\/2025webfandb\/?page_id=1667"},"modified":"2025-12-24T03:55:13","modified_gmt":"2025-12-24T03:55:13","slug":"nuestro-equipo","status":"publish","type":"page","link":"https:\/\/feelingsandbeyond.com\/2025webfandb\/nuestro-equipo\/","title":{"rendered":"Nuestro Equipo"},"content":{"rendered":"\t\t<div data-elementor-type=\"wp-page\" data-elementor-id=\"1667\" class=\"elementor elementor-1667\">\n\t\t\t\t\t\t<section class=\"elementor-section elementor-top-section elementor-element elementor-element-74cecfd elementor-section-full_width elementor-section-stretched elementor-section-height-default elementor-section-height-default\" data-id=\"74cecfd\" data-element_type=\"section\" data-e-type=\"section\" data-settings=\"{&quot;stretch_section&quot;:&quot;section-stretched&quot;}\">\n\t\t\t\t\t\t<div class=\"elementor-container elementor-column-gap-default\">\n\t\t\t\t\t<div class=\"elementor-column elementor-col-100 elementor-top-column elementor-element elementor-element-f6f615f\" data-id=\"f6f615f\" data-element_type=\"column\" data-e-type=\"column\">\n\t\t\t<div class=\"elementor-widget-wrap elementor-element-populated\">\n\t\t\t\t\t\t<div class=\"elementor-element elementor-element-98e4643 elementor-widget elementor-widget-themedraft_section_title\" data-id=\"98e4643\" data-element_type=\"widget\" data-e-type=\"widget\" data-widget_type=\"themedraft_section_title.default\">\n\t\t\t\t<div class=\"elementor-widget-container\">\n\t\t\t\t\t\n\t\t<div class=\"td-section-title-wrapper\">\n            <div class=\"td-section-title-content td-secondary-font\">\n                \n                                    <div class=\"td-section-subtitle td-primary-color\">\n                        Conoce a nuestros terapeutas                    <\/div>\n                \n                                    <div class=\"td-section-title\">\n                        <h2>Nuestro Equipo<\/h2>                    <\/div>\n                                        <div class=\"title-bottom-line\" style=\"background-image: url(https:\/\/feelingsandbeyond.com\/2025webfandb\/wp-content\/uploads\/2025\/11\/line_FandB.png)\"><\/div>\n                                                <\/div>\n\t\t<\/div>\n\t\t\t\t\t\t<\/div>\n\t\t\t\t<\/div>\n\t\t\t\t<div class=\"elementor-element elementor-element-b818f3a elementor-widget elementor-widget-themedraft_text\" data-id=\"b818f3a\" data-element_type=\"widget\" data-e-type=\"widget\" data-widget_type=\"themedraft_text.default\">\n\t\t\t\t<div class=\"elementor-widget-container\">\n\t\t\t\t\t\n\t\t<div class=\"td-text-wrapper\">\n\t\t\t<p>En <strong><em>Feelings and Beyond<\/em><\/strong>, creemos que cada dificultad emocional es tambi\u00e9n una oportunidad para fortalecer el v\u00ednculo familiar.<\/p><p>Nuestro equipo de terapeutas especializados en <strong>ni\u00f1os, adolescentes y familias<\/strong> te ofrece acompa\u00f1amiento profesional y humano para <strong>reconstruir la calma, la confianza y la conexi\u00f3n emocional.<\/strong><\/p>\n            \t\t<\/div>\n\n\t\t\t\t\t\t<\/div>\n\t\t\t\t<\/div>\n\t\t\t\t\t<\/div>\n\t\t<\/div>\n\t\t\t\t\t<\/div>\n\t\t<\/section>\n\t\t\t\t<section class=\"elementor-section elementor-top-section elementor-element elementor-element-493230b elementor-section-full_width elementor-section-stretched elementor-section-height-default elementor-section-height-default\" data-id=\"493230b\" data-element_type=\"section\" data-e-type=\"section\" data-settings=\"{&quot;stretch_section&quot;:&quot;section-stretched&quot;}\">\n\t\t\t\t\t\t<div class=\"elementor-container elementor-column-gap-no\">\n\t\t\t\t\t<div class=\"elementor-column elementor-col-100 elementor-top-column elementor-element elementor-element-b8b1c7e\" data-id=\"b8b1c7e\" data-element_type=\"column\" data-e-type=\"column\">\n\t\t\t<div class=\"elementor-widget-wrap elementor-element-populated\">\n\t\t\t\t\t\t<div class=\"elementor-element elementor-element-d4fa764 elementor-widget elementor-widget-themedraft_team_member_one\" data-id=\"d4fa764\" data-element_type=\"widget\" data-e-type=\"widget\" data-widget_type=\"themedraft_team_member_one.default\">\n\t\t\t\t<div class=\"elementor-widget-container\">\n\t\t\t\t\t\n        <div class=\"td-team-one-wrapper\">\n            <div class=\"container\">\n                <div id=\"team-one-wrapper-477\" class=\"row\">\n\t\t\t\t\t\n                                <div class=\"col-xl-3 col-lg-12 col-md-6\">\n                                    <div class=\"td-single-team-member\">\n                                        <div class=\"member-image-wrapper\">\n\t\t\t\t\t\t\t\t\t\t\t                                            <a class=\"td-member-details-url\" href=\"https:\/\/feelingsandbeyond.com\/2025webfandb\/team\/doctor-details\/\">\n                                                <div class=\"td-member-btn-text\"><span>Conoce m\u00e1s<\/span><\/div>\n                                                                                            <div class=\"member-image\">\n                                                    <img decoding=\"async\" src=\"https:\/\/feelingsandbeyond.com\/2025webfandb\/wp-content\/uploads\/2025\/11\/equipo_ErikaAngulo-min.jpg\" alt=\"\" title=\"equipo_ErikaAngulo-min\">\n                                                <\/div>\n                                                                                        <\/a>\n\t\t\t\t\t\t\t\t\t\t                                            <\/div>\n\n                                        <div class=\"td-member-content\">\n\t\t\t\t\t\t\t\t\t\t\t                                            <a href=\"https:\/\/feelingsandbeyond.com\/2025webfandb\/team\/doctor-details\/\">\n\t\t\t\t\t\t\t\t\t\t\t\t                                                <h3 class=\"td-member-name\"><span style=\"font-size:15px;\">ERIKA ANGULO, LMHC, Certified SPT<\/span><\/h3>\n\t\t\t\t\t\t\t\t\t\t\t\t                                            <\/a>\n\t\t\t\t\t\t\t\t\t\t                                                <span class=\"td-member-designation td-secondary-font\">Fundadora y Directora Cl\u00ednica<\/span>\n                                        <\/div>\n                                    <\/div>\n                                <\/div>\n\t\t\t\t\t\t\t\n                                <div class=\"col-xl-3 col-lg-12 col-md-6\">\n                                    <div class=\"td-single-team-member\">\n                                        <div class=\"member-image-wrapper\">\n\t\t\t\t\t\t\t\t\t\t\t                                            <a class=\"td-member-details-url\" href=\"https:\/\/feelingsandbeyond.com\/2025webfandb\/team\/doctor-details\/\">\n                                                <div class=\"td-member-btn-text\"><span>Conoce m\u00e1s<\/span><\/div>\n                                                                                            <div class=\"member-image\">\n                                                    <img decoding=\"async\" src=\"https:\/\/feelingsandbeyond.com\/2025webfandb\/wp-content\/uploads\/2025\/11\/equipo_NicoleRivero-min.jpg\" alt=\"\" title=\"equipo_NicoleRivero-min\">\n                                                <\/div>\n                                                                                        <\/a>\n\t\t\t\t\t\t\t\t\t\t                                            <\/div>\n\n                                        <div class=\"td-member-content\">\n\t\t\t\t\t\t\t\t\t\t\t                                            <a href=\"https:\/\/feelingsandbeyond.com\/2025webfandb\/team\/doctor-details\/\">\n\t\t\t\t\t\t\t\t\t\t\t\t                                                <h3 class=\"td-member-name\"><span style=\"font-size:15px;\">NICOLE RIVERO, LMHC, ATR<\/span><\/h3>\n\t\t\t\t\t\t\t\t\t\t\t\t                                            <\/a>\n\t\t\t\t\t\t\t\t\t\t                                                <span class=\"td-member-designation td-secondary-font\">Terapeuta de Salud Mental<br>Equipo Cl\u00ednico<\/span>\n                                        <\/div>\n                                    <\/div>\n                                <\/div>\n\t\t\t\t\t\t\t\n                                <div class=\"col-xl-3 col-lg-12 col-md-6\">\n                                    <div class=\"td-single-team-member\">\n                                        <div class=\"member-image-wrapper\">\n\t\t\t\t\t\t\t\t\t\t\t                                            <a class=\"td-member-details-url\" href=\"https:\/\/feelingsandbeyond.com\/2025webfandb\/team\/doctor-details\/\">\n                                                <div class=\"td-member-btn-text\"><span>Conoce m\u00e1s<\/span><\/div>\n                                                                                            <div class=\"member-image\">\n                                                    <img decoding=\"async\" src=\"https:\/\/feelingsandbeyond.com\/2025webfandb\/wp-content\/uploads\/2025\/11\/equipo_SuzelRamos-min.jpg\" alt=\"\" title=\"equipo_SuzelRamos-min\">\n                                                <\/div>\n                                                                                        <\/a>\n\t\t\t\t\t\t\t\t\t\t                                            <\/div>\n\n                                        <div class=\"td-member-content\">\n\t\t\t\t\t\t\t\t\t\t\t                                            <a href=\"https:\/\/feelingsandbeyond.com\/2025webfandb\/team\/doctor-details\/\">\n\t\t\t\t\t\t\t\t\t\t\t\t                                                <h3 class=\"td-member-name\"><span style=\"font-size:15px;\">SUZEL RAMOS, RMFT Intern<\/span><\/h3>\n\t\t\t\t\t\t\t\t\t\t\t\t                                            <\/a>\n\t\t\t\t\t\t\t\t\t\t                                                <span class=\"td-member-designation td-secondary-font\">Terapeuta de Salud Mental (Intern) <br>Equipo Cl\u00ednico<\/span>\n                                        <\/div>\n                                    <\/div>\n                                <\/div>\n\t\t\t\t\t\t\t\n                                <div class=\"col-xl-3 col-lg-12 col-md-6\">\n                                    <div class=\"td-single-team-member\">\n                                        <div class=\"member-image-wrapper\">\n\t\t\t\t\t\t\t\t\t\t\t                                            <a class=\"td-member-details-url\" href=\"https:\/\/feelingsandbeyond.com\/2025webfandb\/team\/doctor-details\/\">\n                                                <div class=\"td-member-btn-text\"><span>Conoce m\u00e1s<\/span><\/div>\n                                                                                            <div class=\"member-image\">\n                                                    <img decoding=\"async\" src=\"https:\/\/feelingsandbeyond.com\/2025webfandb\/wp-content\/uploads\/2025\/11\/equipo_KarinaRondon-min.jpg\" alt=\"\" title=\"equipo_KarinaRondon-min\">\n                                                <\/div>\n                                                                                        <\/a>\n\t\t\t\t\t\t\t\t\t\t                                            <\/div>\n\n                                        <div class=\"td-member-content\">\n\t\t\t\t\t\t\t\t\t\t\t                                            <a href=\"https:\/\/feelingsandbeyond.com\/2025webfandb\/team\/doctor-details\/\">\n\t\t\t\t\t\t\t\t\t\t\t\t                                                <h3 class=\"td-member-name\"><span style=\"font-size:15px;\">KARINA RONDON<\/span><\/h3>\n\t\t\t\t\t\t\t\t\t\t\t\t                                            <\/a>\n\t\t\t\t\t\t\t\t\t\t                                                <span class=\"td-member-designation td-secondary-font\">Coordinadora Administrativa<\/span>\n                                        <\/div>\n                                    <\/div>\n                                <\/div>\n\t\t\t\t\t\t\t                <\/div>\n            <\/div>\n        <\/div>\n\n\t\t\n\n\n\n\n\n\n\n\n\n\n\n\t\t\t\t\t\t<\/div>\n\t\t\t\t<\/div>\n\t\t\t\t<div class=\"elementor-element elementor-element-0eae792 elementor-widget elementor-widget-html\" data-id=\"0eae792\" data-element_type=\"widget\" data-e-type=\"widget\" data-widget_type=\"html.default\">\n\t\t\t\t\t<script>\r\njQuery(document).ready(function($){\r\n    \/\/ Mapa de miembros y sus URLs\r\n    var members = {\r\n        \"SUZEL RAMOS\": \"https:\/\/feelingsandbeyond.com\/2025webfandb\/nuestro-equipo-suzel-ramos\/\",\r\n        \"ERIKA ANGULO\": \"https:\/\/feelingsandbeyond.com\/2025webfandb\/nuestro-equipo-erika-angulo\/\",\r\n        \"NICOLE RIVERO\": \"https:\/\/feelingsandbeyond.com\/2025webfandb\/nuestro-equipo-nicole-rivero\/\",\r\n        \"KARINA RONDON\": \"https:\/\/feelingsandbeyond.com\/2025webfandb\/nuestro-equipo-karina-rondon\/\"\r\n    };\r\n\r\n    \/\/ Recorremos el mapa y cambiamos las URLs\r\n    $.each(members, function(name, url){\r\n        $('.td-member-name:contains(\"' + name + '\")')\r\n            .closest('.td-single-team-member')\r\n            .find('a.td-member-details-url')\r\n            .attr('href', url);\r\n\r\n        $('.td-member-name:contains(\"' + name + '\")')\r\n            .parent('a')\r\n            .attr('href', url);\r\n    });\r\n});\r\n<\/script>\r\n\r\n\t\t\t\t<\/div>\n\t\t\t\t\t<\/div>\n\t\t<\/div>\n\t\t\t\t\t<\/div>\n\t\t<\/section>\n\t\t\t\t<\/div>\n\t\t","protected":false},"excerpt":{"rendered":"<p>Conoce a nuestros terapeutas Nuestro Equipo En Feelings and Beyond, creemos que cada dificultad emocional es tambi\u00e9n una oportunidad para fortalecer el v\u00ednculo familiar. Nuestro equipo de terapeutas especializados en ni\u00f1os, adolescentes y familias te ofrece acompa\u00f1amiento profesional y humano para reconstruir la calma, la confianza y la conexi\u00f3n emocional. Conoce m\u00e1s ERIKA ANGULO, LMHC, [&hellip;]<\/p>\n","protected":false},"author":1,"featured_media":0,"parent":0,"menu_order":0,"comment_status":"closed","ping_status":"closed","template":"","meta":{"_joinchat":[],"footnotes":""},"class_list":["post-1667","page","type-page","status-publish","hentry"],"_links":{"self":[{"href":"https:\/\/feelingsandbeyond.com\/2025webfandb\/wp-json\/wp\/v2\/pages\/1667","targetHints":{"allow":["GET"]}}],"collection":[{"href":"https:\/\/feelingsandbeyond.com\/2025webfandb\/wp-json\/wp\/v2\/pages"}],"about":[{"href":"https:\/\/feelingsandbeyond.com\/2025webfandb\/wp-json\/wp\/v2\/types\/page"}],"author":[{"embeddable":true,"href":"https:\/\/feelingsandbeyond.com\/2025webfandb\/wp-json\/wp\/v2\/users\/1"}],"replies":[{"embeddable":true,"href":"https:\/\/feelingsandbeyond.com\/2025webfandb\/wp-json\/wp\/v2\/comments?post=1667"}],"version-history":[{"count":31,"href":"https:\/\/feelingsandbeyond.com\/2025webfandb\/wp-json\/wp\/v2\/pages\/1667\/revisions"}],"predecessor-version":[{"id":3867,"href":"https:\/\/feelingsandbeyond.com\/2025webfandb\/wp-json\/wp\/v2\/pages\/1667\/revisions\/3867"}],"wp:attachment":[{"href":"https:\/\/feelingsandbeyond.com\/2025webfandb\/wp-json\/wp\/v2\/media?parent=1667"}],"curies":[{"name":"wp","href":"https:\/\/api.w.org\/{rel}","templated":true}]}}